{"id":504871,"date":"2026-03-16T16:10:10","date_gmt":"2026-03-16T19:10:10","guid":{"rendered":"https:\/\/campanopolis.com.ar\/?post_type=product&#038;p=504871"},"modified":"2026-04-03T20:36:09","modified_gmt":"2026-04-03T23:36:09","slug":"sabado-18-de-abril-horario-de-entrada-9h00-horario-de-fechamento-13h00-copia","status":"publish","type":"product","link":"https:\/\/campanopolis.com.ar\/pt-br\/producto\/sabado-18-de-abril-horario-de-entrada-9h00-horario-de-fechamento-13h00-copia\/","title":{"rendered":"S\u00e1bado, 25 de abril. Hor\u00e1rio de entrada: 9h00. Hor\u00e1rio de fechamento 13h00."},"content":{"rendered":"","protected":false},"excerpt":{"rendered":"<p><mark><\/mark>Instru\u00e7\u00f5es:<\/p>\n<ol>\n<li>Selecione as entradas<\/li>\n<li>Pressione <strong>adicionar ao carrinho<\/strong>.<\/li>\n<\/ol>\n","protected":false},"author":4,"featured_media":446411,"template":"","meta":[],"product_brand":[],"product_cat":[142],"product_tag":[],"class_list":{"0":"post-504871","1":"product","2":"type-product","3":"status-publish","4":"has-post-thumbnail","6":"product_cat-visita-guiada-pt-br","8":"first","9":"instock","10":"taxable","11":"shipping-taxable","12":"purchasable","13":"product-type-variable"},"_links":{"self":[{"href":"https:\/\/campanopolis.com.ar\/pt-br\/wp-json\/wp\/v2\/product\/504871","targetHints":{"allow":["GET"]}}],"collection":[{"href":"https:\/\/campanopolis.com.ar\/pt-br\/wp-json\/wp\/v2\/product"}],"about":[{"href":"https:\/\/campanopolis.com.ar\/pt-br\/wp-json\/wp\/v2\/types\/product"}],"author":[{"embeddable":true,"href":"https:\/\/campanopolis.com.ar\/pt-br\/wp-json\/wp\/v2\/users\/4"}],"wp:featuredmedia":[{"embeddable":true,"href":"https:\/\/campanopolis.com.ar\/pt-br\/wp-json\/wp\/v2\/media\/446411"}],"wp:attachment":[{"href":"https:\/\/campanopolis.com.ar\/pt-br\/wp-json\/wp\/v2\/media?parent=504871"}],"wp:term":[{"taxonomy":"product_brand","embeddable":true,"href":"https:\/\/campanopolis.com.ar\/pt-br\/wp-json\/wp\/v2\/product_brand?post=504871"},{"taxonomy":"product_cat","embeddable":true,"href":"https:\/\/campanopolis.com.ar\/pt-br\/wp-json\/wp\/v2\/product_cat?post=504871"},{"taxonomy":"product_tag","embeddable":true,"href":"https:\/\/campanopolis.com.ar\/pt-br\/wp-json\/wp\/v2\/product_tag?post=504871"}],"curies":[{"name":"wp","href":"https:\/\/api.w.org\/{rel}","templated":true}]}}