{"id":470820,"date":"2017-08-14T18:53:56","date_gmt":"2017-08-14T21:53:56","guid":{"rendered":"https:\/\/campanopolis.com.ar\/heliporto\/"},"modified":"2025-04-08T20:37:28","modified_gmt":"2025-04-08T23:37:28","slug":"heliporto","status":"publish","type":"page","link":"https:\/\/campanopolis.com.ar\/pt-br\/heliporto\/","title":{"rendered":"Heliporto"},"content":{"rendered":"<div class=\"wpb-content-wrapper\"><p>[vc_row][vc_column width=&#8221;1\/1&#8243;][vc_row_inner][vc_column_inner column_width_percent=&#8221;70&#8243; gutter_size=&#8221;3&#8243; overlay_alpha=&#8221;50&#8243; medium_width=&#8221;0&#8243; mobile_width=&#8221;0&#8243; shift_x=&#8221;0&#8243; shift_y=&#8221;0&#8243; z_index=&#8221;0&#8243; width=&#8221;1\/1&#8243;][vc_custom_heading text_color=&#8221;color-rgdb&#8221;]Heliporto de Campan\u00f3polis[\/vc_custom_heading][vc_column_text]LAMATANZA \/ CAMPANOPOLIS CORRIDA SEU PRIVADO DESCONTROLADO<\/p>\n<p>343730S 0583606W 7 KM. WNW<br \/>\nAEROPUERTO INTERNACIONAL EZEIZA 6 Mts. 19 Ft.<br \/>\nFATO: Terra Quadrada 25&#215;25<\/p>\n<p>Regras gerais:<\/p>\n<p>As opera\u00e7\u00f5es obedecer\u00e3o \u00e0s Regras Gerais de Voo, regras de voo visual e os procedimentos aplic\u00e1veis \u00e0 opera\u00e7\u00e3o de helic\u00f3pteros especificados no RAAC, parte 91, Ap\u00eandice H e outras publica\u00e7\u00f5es aeron\u00e1uticas atuais.<\/p>\n<p>Regras Espec\u00edficas:<\/p>\n<p>Por estar localizado dentro do CTR Ezeiza, as chegadas e sa\u00eddas ser\u00e3o feitas conforme indicado seguindo. Chegadas: antes da entrada, o piloto se comunicar\u00e1 com a EZE APPROACH para obter uma autoriza\u00e7\u00e3o de tr\u00e2nsito. Partidas: Antes da decolagem, o piloto comunicar\u00e1 com EZE APPROXIMATION para receber a autoriza\u00e7\u00e3o de tr\u00e2nsito correspondente. Al\u00e9m disso, cumprimento dos regulamentos relativos ao sobrevoo de locais habitados e reuni\u00f5es de pessoas ao ar livre.<\/p>\n<p>As superf\u00edcies de subida na aproxima\u00e7\u00e3o de decolagem ser\u00e3o determinadas pelo seguintes trajet\u00f3rias em dire\u00e7\u00e3o ao heliporto: do setor NE rumo 240\u00b0, e do setor SW rumo 060. Possui 2 (duas) vagas de estacionamento para Aeronave de 10 metros. de di\u00e2metro, superf\u00edcie de concreto.[\/vc_column_text][\/vc_column_inner][\/vc_row_inner][\/vc_column][\/vc_row]<\/p>\n<\/div>","protected":false},"excerpt":{"rendered":"<p>[vc_row][vc_column width=&#8221;1\/1&#8243;][vc_row_inner][vc_column_inner column_width_percent=&#8221;70&#8243; gutter_size=&#8221;3&#8243; overlay_alpha=&#8221;50&#8243; medium_width=&#8221;0&#8243; mobile_width=&#8221;0&#8243; shift_x=&#8221;0&#8243; shift_y=&#8221;0&#8243; z_index=&#8221;0&#8243; width=&#8221;1\/1&#8243;][vc_custom_heading text_color=&#8221;color-rgdb&#8221;]Heliporto de Campan\u00f3polis[\/vc_custom_heading][vc_column_text]LAMATANZA \/ CAMPANOPOLIS CORRIDA SEU PRIVADO DESCONTROLADO<\/p>\n","protected":false},"author":2,"featured_media":0,"parent":0,"menu_order":0,"comment_status":"closed","ping_status":"closed","template":"","meta":{"footnotes":""},"class_list":["post-470820","page","type-page","status-publish","hentry"],"_links":{"self":[{"href":"https:\/\/campanopolis.com.ar\/pt-br\/wp-json\/wp\/v2\/pages\/470820","targetHints":{"allow":["GET"]}}],"collection":[{"href":"https:\/\/campanopolis.com.ar\/pt-br\/wp-json\/wp\/v2\/pages"}],"about":[{"href":"https:\/\/campanopolis.com.ar\/pt-br\/wp-json\/wp\/v2\/types\/page"}],"author":[{"embeddable":true,"href":"https:\/\/campanopolis.com.ar\/pt-br\/wp-json\/wp\/v2\/users\/2"}],"replies":[{"embeddable":true,"href":"https:\/\/campanopolis.com.ar\/pt-br\/wp-json\/wp\/v2\/comments?post=470820"}],"version-history":[{"count":2,"href":"https:\/\/campanopolis.com.ar\/pt-br\/wp-json\/wp\/v2\/pages\/470820\/revisions"}],"predecessor-version":[{"id":470822,"href":"https:\/\/campanopolis.com.ar\/pt-br\/wp-json\/wp\/v2\/pages\/470820\/revisions\/470822"}],"wp:attachment":[{"href":"https:\/\/campanopolis.com.ar\/pt-br\/wp-json\/wp\/v2\/media?parent=470820"}],"curies":[{"name":"wp","href":"https:\/\/api.w.org\/{rel}","templated":true}]}}