{"id":470815,"date":"2017-07-31T19:07:29","date_gmt":"2017-07-31T22:07:29","guid":{"rendered":"https:\/\/campanopolis.com.ar\/como-chegar\/"},"modified":"2025-04-08T20:30:06","modified_gmt":"2025-04-08T23:30:06","slug":"como-chegar","status":"publish","type":"page","link":"https:\/\/campanopolis.com.ar\/pt-br\/como-chegar\/","title":{"rendered":"Como chegar"},"content":{"rendered":"<div class=\"wpb-content-wrapper\"><p>[vc_row unlock_row_content=&#8221;yes&#8221; row_height_percent=&#8221;0&#8243; overlay_alpha=&#8221;50&#8243; gutter_size=&#8221;3&#8243; shift_y=&#8221;0&#8243; row_height_pixel=&#8221;600&#8243; css=&#8221;.vc_custom_1501533418841{padding-right: 0px !important;padding-left: 0px !important;}&#8221;][vc_column width=&#8221;1\/1&#8243;]<div data-id=\"mpc_map-3369e172e71bc94\" class=\"mpc-map-wrap  mpc-custom-height\" ><p class=\"mpc-error\">If you see this Google Maps wasn't properly loaded. Please refresh your page \ud83d\ude42<\/p><div class=\"mpc-map mpc-init \" data-map-options=\"{&quot;disable_auto_zoom&quot;:true,&quot;zoom&quot;:&quot;10&quot;,&quot;disable_auto_location&quot;:false,&quot;location&quot;:&quot;&quot;,&quot;disable_ui&quot;:false,&quot;disable_scroll_wheel&quot;:false,&quot;style&quot;:&quot;cool_grey&quot;,&quot;markers&quot;:[{&quot;location&quot;:{&quot;latitude&quot;:-34.78849599999999,&quot;longitude&quot;:-58.60639130000001},&quot;icon_url&quot;:&quot;https:\\\/\\\/campanopolis.com.ar\\\/wp-content\\\/uploads\\\/2017\\\/07\\\/ico-mapa.png&quot;}]}\"><\/div><\/div>[\/vc_column][\/vc_row][vc_row][vc_column width=&#8221;1\/1&#8243;][vc_row_inner][vc_column_inner column_width_percent=&#8221;70&#8243; gutter_size=&#8221;3&#8243; overlay_alpha=&#8221;50&#8243; shift_x=&#8221;0&#8243; shift_y=&#8221;0&#8243; z_index=&#8221;0&#8243; medium_width=&#8221;0&#8243; mobile_width=&#8221;0&#8243; width=&#8221;1\/1&#8243;][vc_custom_heading text_color=&#8221;color-rgdb&#8221;]Como chegar<\/p>\n<p>[\/vc_custom_heading][vc_column_text]<a style=\"text-decoration: none; background-color: #4285f4; border-radius: 2px; color: #fff; display: block; font-weight: bold; height: 40px; min-width: 300px; padding: 0px 8px; text-align: center;\" href=\"https:\/\/maps.app.goo.gl\/?link=https:\/\/www.google.com.ar\/maps\/place\/Campanopolis\/@-34.7877041,-58.6142957,17z\/data%3D!4m5!3m4!1s0x95bcc4c3506869d5:0xfcc9cfbdb1e64a5d!8m2!3d-34.788496!4d-58.6063913?utm_source%3Dapp-invite%26mt%3D8%26pt%3D9008%26utm_medium%3DSIMPLE%26utm_campaign%3Ds2e-ai%26ct%3Ds2e-ai&amp;apn=com.google.android.apps.maps&amp;amv=703000000&amp;isi=585027354&amp;ibi=com.google.Maps&amp;ius=comgooglemapsurl&amp;utm_source=app-invite&amp;mt=8&amp;pt=9008&amp;utm_medium=SIMPLE&amp;utm_campaign=s2e-ai&amp;ct=s2e-ai&amp;invitation_id=493454522602-0f76ba24-e48c-48d2-a0dc-e2e4a8792c8b\" target=\"_blank\" rel=\"noopener noreferrer\" data-saferedirecturl=\"https:\/\/www.google.com\/url?hl=en&amp;q=https:\/\/maps.app.goo.gl\/?link%3Dhttps:\/\/www.google.com.ar\/maps\/place\/Campanopolis\/@-34.7877041,-58.6142957,17z\/data%253D!4m5!3m4!1s0x95bcc4c3506869d5:0xfcc9cfbdb1e64a5d!8m2!3d-34.788496!4d-58.6063913?utm_source%253Dapp-invite%2526mt%253D8%2526pt%253D9008%2526utm_medium%253DSIMPLE%2526utm_campaign%253Ds2e-ai%2526ct%253Ds2e-ai%26apn%3Dcom.google.android.apps.maps%26amv%3D703000000%26isi%3D585027354%26ibi%3Dcom.google.Maps%26ius%3Dcomgooglemapsurl%26utm_source%3Dapp-invite%26mt%3D8%26pt%3D9008%26utm_medium%3DSIMPLE%26utm_campaign%3Ds2e-ai%26ct%3Ds2e-ai%26invitation_id%3D493454522602-0f76ba24-e48c-48d2-a0dc-e2e4a8792c8b&amp;source=gmail&amp;ust=1501618454865000&amp;usg=AFQjCNEK_kqpOlrASec4FfKMkHTOt9sPOw\"> <span style=\"line-height: 40px;\">VEJA NO GOOGLE MAPS<\/span> <\/a>[\/vc_column_text]<a href=\"http:\/\/campanopolis.com.ar\/wp-content\/uploads\/2017\/07\/campanopolis.pdf\" target=\"_blank\" title=\"\"  data-id=\"mpc_button-1069e172e71c171\" class=\"mpc-button mpc-init mpc-transition mpc-typography--default \" ><div class=\"mpc-button__content mpc-effect-type--none mpc-effect-side--none\"><span class=\"mpc-button__title mpc-transition\">BAIXAR INSTRU\u00c7\u00d5ES<\/span><\/div><div class=\"mpc-button__background mpc-transition mpc-effect-type--slide mpc-effect-side--top\"><\/div><\/a>[vc_single_image media=&#8221;57694&#8243; media_width_percent=&#8221;100&#8243;][vc_custom_heading text_color=&#8221;color-rgdb&#8221; text_font=&#8221;font-164793&#8243; text_weight=&#8221;400&#8243;]Alternativa 1[\/vc_custom_heading][vc_column_text]Desde General Paz pegar a <strong>Avenida Brigadeiro Juan Manuel de Rosas<\/strong> (continua\u00e7\u00e3o da Juan Bautista Alberdi) em dire\u00e7\u00e3o \u00e0 Prov\u00edncia.<\/p>\n<p>Coloque o parcial em zero e continue pelo mesmo (Prov\u00edncias Unidas) passando pela antiga rotatoria San Justo, (agora ponte) em dire\u00e7\u00e3o a Ca\u00f1uelas, pela rota 3 at\u00e9 a rua Bariloche<br \/>\nno Km 31.200. <strong>(DE GENERAL PAZ FICA EXATAMENTE 16,5KM)<\/strong>.<\/p>\n<p>Refer\u00eancia: Acima da ponte da Rota 21 e Rota 3, voc\u00ea tem que atravessar 4 pontes passarelas de pedestres e sa\u00edda \u00e0 direita em direc\u00e7\u00e3o ao colectora.<\/p>\n<p>Continue ao longo da coletoa (passe uma 5\u00aa ponte \u00e0 esquerda) e alguns metros vire \u00e0 esquerda atravessando a Estrada Nacional numero 3. (sem\u00e1foros) entre na coletoria \u00e0 esquerda e a primeira rua \u00e0 direita \u00e9 Bariloche (totalmente pavimentada).<\/p>\n<p>Continue por ela at\u00e9 o fundo (12 quarteir\u00f5es) onde fica a entrada do predio a m\u00e3o esquerda.[\/vc_column_text][vc_custom_heading text_color=&#8221;color-rgdb&#8221; text_font=&#8221;font-164793&#8243; text_weight=&#8221;400&#8243;]Alternativa 2[\/vc_custom_heading][vc_column_text]Suba pela Rodovia (AU1) (205) Rotas (3-5-7) em dire\u00e7\u00e3o a Ezeiza. Passe Gral. Paz.<\/p>\n<p>Continue em dire\u00e7\u00e3o a Ezeiza. Passe pelo Mercado Central. Procure a placa de sa\u00edda para a escola de Gendarmer\u00eda Nacional, Ciudad Evita e sa\u00edda \u00e0 direita.<\/p>\n<p>Refer\u00eancia: pouco antes da sa\u00edda voc\u00ea pode ver a Mesquita \u00e0 direita.<\/p>\n<p>Continue pela coletora passando pelo Restaurante El Mangrullo, virando \u00e0 direita na esquina onde h\u00e1 um posto Shell, siga em frente, passe uma pequena rotatoria e continue em frente.<br \/>\nRefer\u00eancia: na rotatoria normalmente h\u00e1 buses azuis da linha 86, continue em frente uns 1,5km, atravesse uma ponte e quando chegar \u00e0 rotatoria vire \u00e0 esquerda, seguindo pela rota 21.<\/p>\n<p>Continue at\u00e9 passar por alguns tanques de distribui\u00e7\u00e3o da YPF.<\/p>\n<p>Continue pela Esta\u00e7\u00e3o Gregorio de Laferrere, depois de passar por um posto de gasolina YPF, e a poucos metros de dist\u00e2ncia, voc\u00ea ver\u00e1 uma bifurca\u00e7\u00e3o, deve virar \u00e0 esquerda e passar por baixo da ponte, depois de passar a segunda ponte vire imediatamente \u00e0 direita e seguindo a curva sempre \u00e0 direita suba a ponte.<\/p>\n<p>Refer\u00eancia: Acima da ponte da Rota 21 e Rota 3, voc\u00ea tem que atravessar 4 passarelas e sair \u00e0 direita em direc\u00e7\u00e3o ao colectora, continue ao longo da coletora (passe uma 5\u00aa passarela \u00e0 esquerda) e em alguns metros vire \u00e0 esquerda atravessando a Estrada Nacional n3.<\/p>\n<p>(sem\u00e1foros) entre na coletora \u00e0 esquerda e a primeira rua \u00e0 direita \u00e9 Bariloche (totalmente pavimentada). Continue por ela at\u00e9 o fundo (12 quarteir\u00f5es) onde fica a entrada do predio a m\u00e3o esquerda. De todos modos e evidentemente hoje com a tecnologica GPS que contamos em carros e celulares o mais facil \u00e9 colocar o endere\u00e7o de Campanopolis e a app nos leva de forma segura e direta[\/vc_column_text][\/vc_column_inner][\/vc_row_inner][\/vc_column][\/vc_row]<\/p>\n<\/div>","protected":false},"excerpt":{"rendered":"<p>[vc_row unlock_row_content=&#8221;yes&#8221; row_height_percent=&#8221;0&#8243; overlay_alpha=&#8221;50&#8243; gutter_size=&#8221;3&#8243; shift_y=&#8221;0&#8243; row_height_pixel=&#8221;600&#8243; css=&#8221;.vc_custom_1501533418841{padding-right: 0px !important;padding-left: 0px !important;}&#8221;][vc_column width=&#8221;1\/1&#8243;][\/vc_column][\/vc_row][vc_row][vc_column width=&#8221;1\/1&#8243;][vc_row_inner][vc_column_inner column_width_percent=&#8221;70&#8243; gutter_size=&#8221;3&#8243; overlay_alpha=&#8221;50&#8243; shift_x=&#8221;0&#8243; shift_y=&#8221;0&#8243; z_index=&#8221;0&#8243;<\/p>\n","protected":false},"author":2,"featured_media":0,"parent":0,"menu_order":0,"comment_status":"closed","ping_status":"closed","template":"","meta":{"footnotes":""},"class_list":["post-470815","page","type-page","status-publish","hentry"],"_links":{"self":[{"href":"https:\/\/campanopolis.com.ar\/pt-br\/wp-json\/wp\/v2\/pages\/470815","targetHints":{"allow":["GET"]}}],"collection":[{"href":"https:\/\/campanopolis.com.ar\/pt-br\/wp-json\/wp\/v2\/pages"}],"about":[{"href":"https:\/\/campanopolis.com.ar\/pt-br\/wp-json\/wp\/v2\/types\/page"}],"author":[{"embeddable":true,"href":"https:\/\/campanopolis.com.ar\/pt-br\/wp-json\/wp\/v2\/users\/2"}],"replies":[{"embeddable":true,"href":"https:\/\/campanopolis.com.ar\/pt-br\/wp-json\/wp\/v2\/comments?post=470815"}],"version-history":[{"count":4,"href":"https:\/\/campanopolis.com.ar\/pt-br\/wp-json\/wp\/v2\/pages\/470815\/revisions"}],"predecessor-version":[{"id":470819,"href":"https:\/\/campanopolis.com.ar\/pt-br\/wp-json\/wp\/v2\/pages\/470815\/revisions\/470819"}],"wp:attachment":[{"href":"https:\/\/campanopolis.com.ar\/pt-br\/wp-json\/wp\/v2\/media?parent=470815"}],"curies":[{"name":"wp","href":"https:\/\/api.w.org\/{rel}","templated":true}]}}