{"id":470796,"date":"2022-05-19T16:10:56","date_gmt":"2022-05-19T19:10:56","guid":{"rendered":"https:\/\/campanopolis.com.ar\/contingentes-agencias-de-viagens-turismo-e-transportes\/"},"modified":"2025-04-08T19:58:08","modified_gmt":"2025-04-08T22:58:08","slug":"contingentes-agencias-de-viagens-turismo-e-transportes","status":"publish","type":"page","link":"https:\/\/campanopolis.com.ar\/pt-br\/contingentes-agencias-de-viagens-turismo-e-transportes\/","title":{"rendered":"Contingentes \/ Ag\u00eancias de Viagens, Turismo e Transportes"},"content":{"rendered":"<div class=\"wpb-content-wrapper\"><p>[vc_row unlock_row_content=&#8221;yes&#8221; row_height_percent=&#8221;100&#8243; override_padding=&#8221;yes&#8221; h_padding=&#8221;5&#8243; top_padding=&#8221;2&#8243; bottom_padding=&#8221;2&#8243; back_color=&#8221;color-iopl&#8221; overlay_alpha=&#8221;50&#8243; equal_height=&#8221;yes&#8221; gutter_size=&#8221;0&#8243; column_width_percent=&#8221;100&#8243; shift_y=&#8221;0&#8243; z_index=&#8221;0&#8243; row_name=&#8221;Entradas&#8221;][vc_column column_width_percent=&#8221;65&#8243; align_horizontal=&#8221;align_center&#8221; gutter_size=&#8221;3&#8243; override_padding=&#8221;yes&#8221; column_padding=&#8221;2&#8243; overlay_alpha=&#8221;50&#8243; shift_x=&#8221;0&#8243; shift_y=&#8221;0&#8243; z_index=&#8221;0&#8243; medium_width=&#8221;0&#8243; mobile_width=&#8221;0&#8243; width=&#8221;1\/1&#8243;][vc_custom_heading text_color=&#8221;color-xsdn&#8221; heading_semantic=&#8221;h1&#8243; text_font=&#8221;font-164793&#8243; text_size=&#8221;h1&#8243; text_weight=&#8221;400&#8243; el_class=&#8221;Aviso&#8221; uncode_shortcode_id=&#8221;649899&#8243; text_color_type=&#8221;uncode-palette&#8221;]Hor\u00e1rios<\/p>\n<p>[\/vc_custom_heading][vc_custom_heading text_color=&#8221;color-xsdn&#8221; text_font=&#8221;font-164793&#8243; text_weight=&#8221;400&#8243; el_class=&#8221;Aviso&#8221; uncode_shortcode_id=&#8221;136692&#8243; text_color_type=&#8221;uncode-palette&#8221;]<\/p>\n<div><strong>Turno da manh\u00e3:<\/strong><\/div>\n<div>Check-in \u00e0s 9h. | Encerramento \u00e0s 13h.<\/div>\n<div><\/div>\n<div><strong>Turno da tarde:<\/strong><\/div>\n<div>Check-in \u00e0s 13 hs. | Fechamento \u00e0s 17h.<\/div>\n<p>[\/vc_custom_heading][vc_custom_heading text_color=&#8221;color-xsdn&#8221; heading_semantic=&#8221;h1&#8243; text_font=&#8221;font-164793&#8243; text_size=&#8221;h1&#8243; text_weight=&#8221;400&#8243; el_class=&#8221;Aviso&#8221; uncode_shortcode_id=&#8221;213408&#8243; text_color_type=&#8221;uncode-palette&#8221;]Precios y Condiciones<\/p>\n<p>[\/vc_custom_heading][vc_custom_heading text_color=&#8221;color-xsdn&#8221; text_font=&#8221;font-164793&#8243; text_weight=&#8221;400&#8243; el_class=&#8221;Aviso&#8221; uncode_shortcode_id=&#8221;652127&#8243; text_color_type=&#8221;uncode-palette&#8221;]A proposta \u00e9 destinada a ag\u00eancias de viagens ou organizadores de viagens que desejam organizar excurs\u00f5es durante a semana com capacidade para mais de 25 pessoas.<br \/>\nN\u00f3s montamos a viagem de acordo com o gosto do cliente, incluindo caf\u00e9 da manh\u00e3, almo\u00e7o e lanches.<\/p>\n<p>Estacionamento gratuito dentro das instala\u00e7\u00f5es.<\/p>\n<p>[\/vc_custom_heading]<a href=\"https:\/\/campanopolis.com.ar\/consultas\/\" title=\"\"  data-id=\"mpc_button-3369e16dbf8a47d\" class=\"mpc-button mpc-init mpc-transition mpc-animation mpc-typography--default \"  data-animation-in=\"transition.fadeIn||300||300||100\"><div class=\"mpc-button__content mpc-effect-type--stay mpc-effect-side--left\"><i class=\"mpc-button__icon mpc-transition  fa fa-info-circle\"><\/i><span class=\"mpc-button__title mpc-transition\">Consultar<\/span><\/div><div class=\"mpc-button__background mpc-transition mpc-effect-type--slide mpc-effect-side--top\"><\/div><\/a>[\/vc_column][\/vc_row][vc_row unlock_row_content=&#8221;yes&#8221; row_height_percent=&#8221;100&#8243; override_padding=&#8221;yes&#8221; h_padding=&#8221;5&#8243; top_padding=&#8221;2&#8243; bottom_padding=&#8221;2&#8243; back_color=&#8221;color-vyce&#8221; overlay_alpha=&#8221;50&#8243; equal_height=&#8221;yes&#8221; gutter_size=&#8221;0&#8243; column_width_percent=&#8221;100&#8243; shift_y=&#8221;0&#8243; z_index=&#8221;0&#8243; row_name=&#8221;Campanopolis&#8221;][vc_column column_width_percent=&#8221;65&#8243; align_horizontal=&#8221;align_center&#8221; gutter_size=&#8221;3&#8243; override_padding=&#8221;yes&#8221; column_padding=&#8221;2&#8243; overlay_alpha=&#8221;50&#8243; shift_x=&#8221;0&#8243; shift_y=&#8221;0&#8243; z_index=&#8221;0&#8243; medium_width=&#8221;0&#8243; mobile_width=&#8221;0&#8243; width=&#8221;1\/1&#8243;][vc_custom_heading text_color=&#8221;color-xsdn&#8221; heading_semantic=&#8221;h1&#8243; text_font=&#8221;font-164793&#8243; text_size=&#8221;h1&#8243; text_weight=&#8221;400&#8243; css_animation=&#8221;zoom-in&#8221; animation_delay=&#8221;400&#8243; uncode_shortcode_id=&#8221;122646&#8243; text_color_type=&#8221;uncode-palette&#8221; el_class=&#8221;Aviso&#8221;]Visita guiada para grupos de turismo.<\/p>\n<p>[\/vc_custom_heading][vc_custom_heading text_color=&#8221;color-prif&#8221; text_font=&#8221;font-164793&#8243; text_weight=&#8221;400&#8243; css_animation=&#8221;zoom-in&#8221; animation_delay=&#8221;400&#8243; uncode_shortcode_id=&#8221;949749&#8243; text_color_type=&#8221;uncode-palette&#8221;]Campan\u00f3polis est\u00e1 localizada a apenas uma hora de Buenos Aires, o que permite que muitos turistas escolham a vila como um destino imperd\u00edvel em seu itiner\u00e1rio. A propriedade oferece \u00e0s ag\u00eancias de viagens e empresas de transporte a oportunidade de organizar excurs\u00f5es inesquec\u00edveis, mesmo durante a semana. Para grupos de 25 ou mais pessoas, podemos oferecer datas especiais (a serem coordenadas com as ag\u00eancias) para visitar a Vila durante a semana, expandindo nossa programa\u00e7\u00e3o atual de visitas guiadas.[\/vc_custom_heading][vc_custom_heading text_color=&#8221;color-prif&#8221; text_font=&#8221;font-164793&#8243; text_weight=&#8221;400&#8243; css_animation=&#8221;zoom-in&#8221; animation_delay=&#8221;400&#8243; uncode_shortcode_id=&#8221;170531&#8243; text_color_type=&#8221;uncode-palette&#8221;]Visitar Campan\u00f3polis \u00e9 um passeio de lazer e encontro entre natureza e patrim\u00f4nio cultural. Nascido das demoli\u00e7\u00f5es, da criatividade e dos sonhos de um homem, Don Antonio Campana. Com reminisc\u00eancias medievais, a cidade de reciclagem mais inusitada da Argentina e arredores fica em Gonz\u00e1lez Cat\u00e1n.<\/p>\n<p>[\/vc_custom_heading][vc_custom_heading text_color=&#8221;color-prif&#8221; text_font=&#8221;font-164793&#8243; text_weight=&#8221;400&#8243; css_animation=&#8221;zoom-in&#8221; animation_delay=&#8221;400&#8243; uncode_shortcode_id=&#8221;671418&#8243; text_color_type=&#8221;uncode-palette&#8221;]Um caminho m\u00edstico passa pelas 12 Casinhas da Floresta, transportando-nos magicamente para um lugar fant\u00e1stico. Quando tudo isso parece incr\u00edvel, encontramos fontes, lagos, pontes de quebracho para explorar as ilhas, docas, um moinho de vento holand\u00eas, uma capela colonial e uma locomotiva antiga.<br \/>\nO Museu do Ferro ou Ferroteca \u00e9 um dos lugares mais interessantes onde est\u00e3o expostos todos os tipos de grades de ferro forjado, lustres pendurados, vitrais, objetos antigos e pe\u00e7as de arte. Tamb\u00e9m s\u00e3o not\u00e1veis \u200b\u200bedif\u00edcios cujos materiais utilizados na constru\u00e7\u00e3o s\u00e3o o tema, como a Casa de Pedra, o Museu da Madeira e a Casa da Esc\u00f3ria. Al\u00e9m disso, voc\u00ea pode explorar a Passagem da Coruja, o Museu Caireles, a Casa Proa de Barco, o Museu Don Antonio e centenas de espa\u00e7os secretos. Visitar a vila de Campan\u00f3polis \u00e9 uma experi\u00eancia museol\u00f3gica transcendental, voltada para todas as idades e para todos que desejam se conectar com a natureza e a criatividade.<\/p>\n<p>[\/vc_custom_heading][vc_custom_heading text_color=&#8221;color-xsdn&#8221; heading_semantic=&#8221;h1&#8243; text_font=&#8221;font-164793&#8243; text_size=&#8221;h1&#8243; text_weight=&#8221;400&#8243; css_animation=&#8221;zoom-in&#8221; animation_delay=&#8221;400&#8243; uncode_shortcode_id=&#8221;331586&#8243; text_color_type=&#8221;uncode-palette&#8221; el_class=&#8221;Aviso&#8221;]Informa\u00e7\u00f5es sobre a visita guiada<\/p>\n<p>[\/vc_custom_heading][vc_custom_heading text_color=&#8221;color-prif&#8221; text_font=&#8221;font-164793&#8243; text_weight=&#8221;400&#8243; css_animation=&#8221;zoom-in&#8221; animation_delay=&#8221;400&#8243; uncode_shortcode_id=&#8221;705210&#8243; text_color_type=&#8221;uncode-palette&#8221;]O passeio consiste em uma visita guiada com dura\u00e7\u00e3o de aproximadamente uma hora e meia, explicando a hist\u00f3ria, a constru\u00e7\u00e3o e a administra\u00e7\u00e3o ecol\u00f3gica e ambiental da Vila ao longo de quase 40 anos. Inclui visitas ao interior de edif\u00edcios e museus, desde que autorizadas pela equipe do edif\u00edcio. Existe a op\u00e7\u00e3o de a visita guiada ser realizada exclusivamente em portugu\u00eas ou ingl\u00eas para todo o grupo, mediante aviso pr\u00e9vio para planejamento da atividade.<\/p>\n<p>[\/vc_custom_heading][vc_custom_heading text_color=&#8221;color-prif&#8221; text_font=&#8221;font-164793&#8243; text_weight=&#8221;400&#8243; css_animation=&#8221;zoom-in&#8221; animation_delay=&#8221;400&#8243; uncode_shortcode_id=&#8221;638651&#8243; text_color_type=&#8221;uncode-palette&#8221;]O restante da visita pode ser gasto caminhando e apreciando os jardins, fazendo um piquenique simples e tirando fotos apenas para fins tur\u00edsticos e recreativos (n\u00e3o para fins comerciais). Vale destacar que Campan\u00f3polis conta ainda com um mercado com uma variedade de sandu\u00edches, cachorros-quentes, empanadas, pizzas, wraps, bolos, entre outros itens para o caso de voc\u00ea precisar consumir alguma comida ou bebida, uma loja de souvenirs, um ponto de recarga de celular, bancos localizados do lado de fora e cadeiras tanto do lado de fora quanto do lado de dentro.<\/p>\n<p>[\/vc_custom_heading][vc_custom_heading text_color=&#8221;color-prif&#8221; text_font=&#8221;font-164793&#8243; text_weight=&#8221;400&#8243; css_animation=&#8221;zoom-in&#8221; animation_delay=&#8221;400&#8243; uncode_shortcode_id=&#8221;152873&#8243; text_color_type=&#8221;uncode-palette&#8221;]As reservas est\u00e3o sujeitas \u00e0 disponibilidade em dias \u00fateis.<\/p>\n<p>Os pagamentos s\u00e3o feitos por transfer\u00eancia banc\u00e1ria e devem ser creditados dois dias antes do dia da visita guiada.<\/p>\n<p>[\/vc_custom_heading][vc_custom_heading text_color=&#8221;color-prif&#8221; text_font=&#8221;font-164793&#8243; text_weight=&#8221;400&#8243; css_animation=&#8221;zoom-in&#8221; animation_delay=&#8221;400&#8243; uncode_shortcode_id=&#8221;791302&#8243; text_color_type=&#8221;uncode-palette&#8221;]As visitas n\u00e3o est\u00e3o suspensas por conta da chuva, mas o contingente tem a possibilidade de remarcar uma vez.<\/p>\n<p>[\/vc_custom_heading][vc_custom_heading text_color=&#8221;color-prif&#8221; text_font=&#8221;font-164793&#8243; text_weight=&#8221;400&#8243; css_animation=&#8221;zoom-in&#8221; animation_delay=&#8221;400&#8243; uncode_shortcode_id=&#8221;129144&#8243; text_color_type=&#8221;uncode-palette&#8221;]Fazemos um or\u00e7amento de acordo com cada necessidade.<\/p>\n<p>[\/vc_custom_heading][vc_custom_heading text_color=&#8221;color-prif&#8221; text_font=&#8221;font-164793&#8243; text_weight=&#8221;400&#8243; css_animation=&#8221;zoom-in&#8221; animation_delay=&#8221;400&#8243; uncode_shortcode_id=&#8221;868075&#8243; text_color_type=&#8221;uncode-palette&#8221; el_class=&#8221;Aviso&#8221;]Informa\u00e7\u00f5es, Or\u00e7amentos, Reservas e Pagamentos.<\/p>\n<p>[\/vc_custom_heading][vc_custom_heading text_color=&#8221;color-xsdn&#8221; text_font=&#8221;font-164793&#8243; text_weight=&#8221;400&#8243; css_animation=&#8221;alpha-anim&#8221; animation_delay=&#8221;100&#8243; uncode_shortcode_id=&#8221;741933&#8243; text_color_type=&#8221;uncode-palette&#8221;]NOSSO HOR\u00c1RIO TELEF\u00d4NICO E ADMINISTRATIVO \u00c9 DE SEGUNDA A SEXTAS-FEIRAS DAS 09:00H \u00c0S 17:00H. (DIAS \u00daTEIS)<\/p>\n<p>[\/vc_custom_heading]<a href=\"https:\/\/campanopolis.com.ar\/consultas\/\" title=\"\"  data-id=\"mpc_button-1069e16dbf8a4fc\" class=\"mpc-button mpc-init mpc-transition mpc-animation mpc-typography--default \"  data-animation-in=\"transition.fadeIn||300||300||100\"><div class=\"mpc-button__content mpc-effect-type--stay mpc-effect-side--left\"><i class=\"mpc-button__icon mpc-transition  fa fa-info-circle\"><\/i><span class=\"mpc-button__title mpc-transition\">Consultar<\/span><\/div><div class=\"mpc-button__background mpc-transition mpc-effect-type--slide mpc-effect-side--top\"><\/div><\/a>[\/vc_column][\/vc_row]<\/p>\n<\/div>","protected":false},"excerpt":{"rendered":"<p>[vc_row unlock_row_content=&#8221;yes&#8221; row_height_percent=&#8221;100&#8243; override_padding=&#8221;yes&#8221; h_padding=&#8221;5&#8243; top_padding=&#8221;2&#8243; bottom_padding=&#8221;2&#8243; back_color=&#8221;color-iopl&#8221; overlay_alpha=&#8221;50&#8243; equal_height=&#8221;yes&#8221; gutter_size=&#8221;0&#8243; column_width_percent=&#8221;100&#8243; shift_y=&#8221;0&#8243; z_index=&#8221;0&#8243; row_name=&#8221;Entradas&#8221;][vc_column column_width_percent=&#8221;65&#8243; align_horizontal=&#8221;align_center&#8221; gutter_size=&#8221;3&#8243; override_padding=&#8221;yes&#8221; column_padding=&#8221;2&#8243;<\/p>\n","protected":false},"author":2,"featured_media":0,"parent":0,"menu_order":0,"comment_status":"closed","ping_status":"closed","template":"","meta":{"footnotes":""},"class_list":["post-470796","page","type-page","status-publish","hentry"],"_links":{"self":[{"href":"https:\/\/campanopolis.com.ar\/pt-br\/wp-json\/wp\/v2\/pages\/470796","targetHints":{"allow":["GET"]}}],"collection":[{"href":"https:\/\/campanopolis.com.ar\/pt-br\/wp-json\/wp\/v2\/pages"}],"about":[{"href":"https:\/\/campanopolis.com.ar\/pt-br\/wp-json\/wp\/v2\/types\/page"}],"author":[{"embeddable":true,"href":"https:\/\/campanopolis.com.ar\/pt-br\/wp-json\/wp\/v2\/users\/2"}],"replies":[{"embeddable":true,"href":"https:\/\/campanopolis.com.ar\/pt-br\/wp-json\/wp\/v2\/comments?post=470796"}],"version-history":[{"count":2,"href":"https:\/\/campanopolis.com.ar\/pt-br\/wp-json\/wp\/v2\/pages\/470796\/revisions"}],"predecessor-version":[{"id":470798,"href":"https:\/\/campanopolis.com.ar\/pt-br\/wp-json\/wp\/v2\/pages\/470796\/revisions\/470798"}],"wp:attachment":[{"href":"https:\/\/campanopolis.com.ar\/pt-br\/wp-json\/wp\/v2\/media?parent=470796"}],"curies":[{"name":"wp","href":"https:\/\/api.w.org\/{rel}","templated":true}]}}