{"id":467790,"date":"2017-07-30T19:30:27","date_gmt":"2017-07-30T22:30:27","guid":{"rendered":"https:\/\/campanopolis.com.ar\/foto-e-video-social\/"},"modified":"2025-02-28T16:28:14","modified_gmt":"2025-02-28T19:28:14","slug":"foto-e-video-social","status":"publish","type":"page","link":"https:\/\/campanopolis.com.ar\/pt-br\/foto-e-video-social\/","title":{"rendered":"Foto e v\u00eddeo social"},"content":{"rendered":"<div class=\"wpb-content-wrapper\"><p>[vc_row unlock_row_content=&#8221;yes&#8221; row_height_percent=&#8221;0&#8243; override_padding=&#8221;yes&#8221; h_padding=&#8221;5&#8243; top_padding=&#8221;2&#8243; bottom_padding=&#8221;2&#8243; back_color=&#8221;color-iopl&#8221; overlay_alpha=&#8221;50&#8243; equal_height=&#8221;yes&#8221; gutter_size=&#8221;0&#8243; shift_y=&#8221;0&#8243; row_name=&#8221;Campanopolis&#8221;][vc_column column_width_percent=&#8221;65&#8243; align_horizontal=&#8221;align_center&#8221; gutter_size=&#8221;3&#8243; override_padding=&#8221;yes&#8221; column_padding=&#8221;2&#8243; overlay_alpha=&#8221;50&#8243; shift_x=&#8221;0&#8243; shift_y=&#8221;0&#8243; z_index=&#8221;0&#8243; medium_width=&#8221;0&#8243; mobile_width=&#8221;0&#8243; width=&#8221;1\/1&#8243;][vc_custom_heading text_color=&#8221;color-xsdn&#8221; heading_semantic=&#8221;h1&#8243; text_font=&#8221;font-164793&#8243; text_size=&#8221;h1&#8243; text_weight=&#8221;400&#8243; css_animation=&#8221;zoom-in&#8221; animation_delay=&#8221;400&#8243; el_class=&#8221;Aviso&#8221;]Livro de 15 anos e casamentos[\/vc_custom_heading][vc_custom_heading text_color=&#8221;color-prif&#8221; text_font=&#8221;font-164793&#8243; text_weight=&#8221;400&#8243; css_animation=&#8221;zoom-in&#8221; animation_delay=&#8221;400&#8243;]Campan\u00f3polis possui os mais diversos, ex\u00f3ticos e belos cen\u00e1rios para a realiza\u00e7\u00e3o de produ\u00e7\u00f5es fotogr\u00e1ficas, livro de 15 anos.<\/p>\n<p>[\/vc_custom_heading][vc_custom_heading text_color=&#8221;color-prif&#8221; text_font=&#8221;font-164793&#8243; text_weight=&#8221;400&#8243; css_animation=&#8221;zoom-in&#8221; animation_delay=&#8221;400&#8243;]Em Campan\u00f3polis voc\u00ea pode tirar fotos e fazer v\u00eddeos para o seu Casamento ou 15\u00ba, com cen\u00e1rios \u00fanicos, recriando hist\u00f3rias fant\u00e1sticas (incluindo seus melhores amigos) que voc\u00ea pode ter na sua festa e eles ter\u00e3o uma linda lembran\u00e7a de momentos t\u00e3o importantes da sua vida.<\/p>\n<p>[\/vc_custom_heading][vc_custom_heading text_color=&#8221;color-prif&#8221; text_font=&#8221;font-164793&#8243; text_weight=&#8221;400&#8243; css_animation=&#8221;zoom-in&#8221; animation_delay=&#8221;400&#8243;]Dispomos de locais nas instala\u00e7\u00f5es adequados para maquilhagem, cabelo, vestiario e etc.[\/vc_custom_heading][\/vc_column][\/vc_row][vc_row unlock_row_content=&#8221;yes&#8221; row_height_percent=&#8221;0&#8243; override_padding=&#8221;yes&#8221; h_padding=&#8221;5&#8243; top_padding=&#8221;2&#8243; bottom_padding=&#8221;2&#8243; back_color=&#8221;color-dfgh&#8221; overlay_alpha=&#8221;50&#8243; equal_height=&#8221;yes&#8221; gutter_size=&#8221;0&#8243; shift_y=&#8221;0&#8243; row_name=&#8221;Entradas&#8221;][vc_column column_width_percent=&#8221;65&#8243; align_horizontal=&#8221;align_center&#8221; gutter_size=&#8221;3&#8243; override_padding=&#8221;yes&#8221; column_padding=&#8221;2&#8243; overlay_alpha=&#8221;50&#8243; shift_x=&#8221;0&#8243; shift_y=&#8221;0&#8243; z_index=&#8221;0&#8243; medium_width=&#8221;0&#8243; mobile_width=&#8221;0&#8243; width=&#8221;1\/1&#8243;][vc_custom_heading text_color=&#8221;color-xsdn&#8221; heading_semantic=&#8221;h1&#8243; text_font=&#8221;font-164793&#8243; text_size=&#8221;h1&#8243; text_weight=&#8221;400&#8243; el_class=&#8221;Aviso&#8221;]Pre\u00e7os[\/vc_custom_heading][vc_custom_heading text_color=&#8221;color-xsdn&#8221; text_font=&#8221;font-164793&#8243; text_weight=&#8221;400&#8243; el_class=&#8221;Aviso&#8221; uncode_shortcode_id=&#8221;868428&#8243; text_color_type=&#8221;uncode-palette&#8221;]Pre\u00e7o m\u00ednimo: $150.000 &#8211; Inclui at\u00e9 5 pessoas.<\/p>\n<p>[\/vc_custom_heading][vc_custom_heading text_color=&#8221;color-xsdn&#8221; text_font=&#8221;font-164793&#8243; text_weight=&#8221;400&#8243; el_class=&#8221;Aviso&#8221; uncode_shortcode_id=&#8221;199629&#8243; text_color_type=&#8221;uncode-palette&#8221;]Valor adicional por pessoa: $30.000<\/p>\n<p>[\/vc_custom_heading][vc_column_text border_color=&#8221;color-jevc&#8221; border_style=&#8221;solid&#8221; css=&#8221;.vc_custom_1693051750264{border-top-width: 1px !important;border-right-width: 1px !important;border-bottom-width: 1px !important;border-left-width: 1px !important;padding-top: 20px !important;padding-right: 20px !important;padding-bottom: 20px !important;padding-left: 20px !important;}&#8221; el_class=&#8221;exp&#8221; uncode_shortcode_id=&#8221;731583&#8243; border_color_type=&#8221;uncode-palette&#8221;]<\/p>\n<p style=\"text-align: center;\">Inclui: camarim para produ\u00e7\u00e3o, maquiagem e troca de figurinos.<\/p>\n<p style=\"text-align: center;\">O fot\u00f3grafo, maquiador e guarda-roupa ficam por conta do cliente.<\/p>\n<p style=\"text-align: center;\">\u00c9 contabilizada toda pessoa que entra na propriedade, sejam motoristas, acompanhantes, amigos, familiares etc<\/p>\n<p style=\"text-align: center;\">\u00c9 proibida a entrada de animais nas instala\u00e7\u00f5es, bem como a subida de escadas, telhados,<\/p>\n<p style=\"text-align: center;\">cap\u00f4s \u200b\u200bde carros, bombas, placas, grades e qualquer lugar que n\u00e3o seja permitido dentro dele.<\/p>\n<p style=\"text-align: center;\">O estacionamento \u00e9 gratuito.<\/p>\n<p style=\"text-align: center;\">A presen\u00e7a em Campan\u00f3polis \u00e9 apenas para tirar fotos e v\u00eddeos sociais, n\u00e3o para fins comerciais ou publicit\u00e1rios.<\/p>\n<p style=\"text-align: center;\">O hor\u00e1rio de encerramento das atividades \u00e9 \u00e0s 17:00hs, por este motivo \u00e0s 16:50hs dever\u00e1 ser deixado o local livre. (camarim designado) e iniciar a sa\u00edda da aldeia.<\/p>\n<p>[\/vc_column_text]<a href=\"https:\/\/campanopolis.com.ar\/pt-br\/consultas\/\" title=\"\"  data-id=\"mpc_button-8569e172b4f08d0\" class=\"mpc-button mpc-init mpc-transition mpc-animation mpc-typography--default \"  data-animation-in=\"transition.fadeIn||300||300||100\"><div class=\"mpc-button__content mpc-effect-type--stay mpc-effect-side--left\"><i class=\"mpc-button__icon mpc-transition  fa fa-info-circle\"><\/i><span class=\"mpc-button__title mpc-transition\">Consultas<\/span><\/div><div class=\"mpc-button__background mpc-transition mpc-effect-type--slide mpc-effect-side--top\"><\/div><\/a>[\/vc_column][\/vc_row][vc_row row_height_percent=&#8221;0&#8243; overlay_alpha=&#8221;50&#8243; gutter_size=&#8221;3&#8243; shift_y=&#8221;0&#8243; row_name=&#8221;Videos&#8221; el_class=&#8221;videos&#8221;][vc_column width=&#8221;1\/1&#8243;][vc_column_text css=&#8221;.vc_custom_1503527039081{margin-top: 0px !important;margin-right: 0px !important;margin-bottom: 0px !important;margin-left: 0px !important;padding-top: 0px !important;padding-right: 0px !important;padding-bottom: 0px !important;padding-left: 0px !important;}&#8221;][\/vc_column_text][\/vc_column][\/vc_row]<\/p>\n<\/div>","protected":false},"excerpt":{"rendered":"<p>[vc_row unlock_row_content=&#8221;yes&#8221; row_height_percent=&#8221;0&#8243; override_padding=&#8221;yes&#8221; h_padding=&#8221;5&#8243; top_padding=&#8221;2&#8243; bottom_padding=&#8221;2&#8243; back_color=&#8221;color-iopl&#8221; overlay_alpha=&#8221;50&#8243; equal_height=&#8221;yes&#8221; gutter_size=&#8221;0&#8243; shift_y=&#8221;0&#8243; row_name=&#8221;Campanopolis&#8221;][vc_column column_width_percent=&#8221;65&#8243; align_horizontal=&#8221;align_center&#8221; gutter_size=&#8221;3&#8243; override_padding=&#8221;yes&#8221; column_padding=&#8221;2&#8243; overlay_alpha=&#8221;50&#8243; shift_x=&#8221;0&#8243;<\/p>\n","protected":false},"author":2,"featured_media":0,"parent":0,"menu_order":0,"comment_status":"closed","ping_status":"closed","template":"","meta":{"footnotes":""},"class_list":["post-467790","page","type-page","status-publish","hentry"],"_links":{"self":[{"href":"https:\/\/campanopolis.com.ar\/pt-br\/wp-json\/wp\/v2\/pages\/467790","targetHints":{"allow":["GET"]}}],"collection":[{"href":"https:\/\/campanopolis.com.ar\/pt-br\/wp-json\/wp\/v2\/pages"}],"about":[{"href":"https:\/\/campanopolis.com.ar\/pt-br\/wp-json\/wp\/v2\/types\/page"}],"author":[{"embeddable":true,"href":"https:\/\/campanopolis.com.ar\/pt-br\/wp-json\/wp\/v2\/users\/2"}],"replies":[{"embeddable":true,"href":"https:\/\/campanopolis.com.ar\/pt-br\/wp-json\/wp\/v2\/comments?post=467790"}],"version-history":[{"count":3,"href":"https:\/\/campanopolis.com.ar\/pt-br\/wp-json\/wp\/v2\/pages\/467790\/revisions"}],"predecessor-version":[{"id":467793,"href":"https:\/\/campanopolis.com.ar\/pt-br\/wp-json\/wp\/v2\/pages\/467790\/revisions\/467793"}],"wp:attachment":[{"href":"https:\/\/campanopolis.com.ar\/pt-br\/wp-json\/wp\/v2\/media?parent=467790"}],"curies":[{"name":"wp","href":"https:\/\/api.w.org\/{rel}","templated":true}]}}