{"id":467784,"date":"2022-05-19T15:59:43","date_gmt":"2022-05-19T18:59:43","guid":{"rendered":"https:\/\/campanopolis.com.ar\/eventos-workshops-treinamentos\/"},"modified":"2025-02-28T15:58:43","modified_gmt":"2025-02-28T18:58:43","slug":"eventos-workshops-treinamentos","status":"publish","type":"page","link":"https:\/\/campanopolis.com.ar\/pt-br\/eventos-workshops-treinamentos\/","title":{"rendered":"Eventos \/ Workshops \/ Treinamentos"},"content":{"rendered":"<div class=\"wpb-content-wrapper\"><p>[vc_row unlock_row_content=&#8221;yes&#8221; row_height_percent=&#8221;100&#8243; override_padding=&#8221;yes&#8221; h_padding=&#8221;5&#8243; top_padding=&#8221;2&#8243; bottom_padding=&#8221;2&#8243; back_color=&#8221;color-vyce&#8221; overlay_alpha=&#8221;50&#8243; equal_height=&#8221;yes&#8221; gutter_size=&#8221;0&#8243; column_width_percent=&#8221;100&#8243; shift_y=&#8221;0&#8243; z_index=&#8221;0&#8243; row_name=&#8221;Campanopolis&#8221;][vc_column column_width_percent=&#8221;65&#8243; align_horizontal=&#8221;align_center&#8221; gutter_size=&#8221;3&#8243; override_padding=&#8221;yes&#8221; column_padding=&#8221;2&#8243; overlay_alpha=&#8221;50&#8243; shift_x=&#8221;0&#8243; shift_y=&#8221;0&#8243; z_index=&#8221;0&#8243; medium_width=&#8221;0&#8243; mobile_width=&#8221;0&#8243; width=&#8221;1\/1&#8243;][vc_custom_heading text_color=&#8221;color-xsdn&#8221; heading_semantic=&#8221;h1&#8243; text_font=&#8221;font-164793&#8243; text_size=&#8221;h1&#8243; text_weight=&#8221;400&#8243; css_animation=&#8221;zoom-in&#8221; animation_delay=&#8221;400&#8243; uncode_shortcode_id=&#8221;797355&#8243; text_color_type=&#8221;uncode-palette&#8221;]A proposta destina-se a grupos superiores a 25 pessoas que pretendam organizar, atrav\u00e9s de uma ou mais pessoas, um workshop ou espa\u00e7o de forma\u00e7\u00e3o na Aldeia. O custo e proposta \u00e9 pensada para contingentes, por isso n\u00e3o s\u00e3o aceitas reservas dentro deste \u00a0formato.<\/p>\n<p>[\/vc_custom_heading][vc_custom_heading text_color=&#8221;color-prif&#8221; text_font=&#8221;font-164793&#8243; text_weight=&#8221;400&#8243; css_animation=&#8221;zoom-in&#8221; animation_delay=&#8221;400&#8243; uncode_shortcode_id=&#8221;157257&#8243; text_color_type=&#8221;uncode-palette&#8221;]Organize sua oficina ou espa\u00e7o de treinamento na Vila Campan\u00f3polis (com possibilidade de inclui uma visita guiada).[\/vc_custom_heading][vc_custom_heading text_color=&#8221;color-prif&#8221; text_font=&#8221;font-164793&#8243; text_weight=&#8221;400&#8243; css_animation=&#8221;zoom-in&#8221; animation_delay=&#8221;400&#8243; uncode_shortcode_id=&#8221;114407&#8243; text_color_type=&#8221;uncode-palette&#8221;]Se voc\u00ea tem seu pr\u00f3prio workshop, deseja realizar um encontro de pessoas que compartilham um interesse comum ou realizar treinamentos, Campan\u00f3polis lhe d\u00e1 a possibilidade e espa\u00e7o para faz\u00ea-lo.[\/vc_custom_heading][vc_custom_heading text_color=&#8221;color-prif&#8221; text_font=&#8221;font-164793&#8243; text_weight=&#8221;400&#8243; css_animation=&#8221;zoom-in&#8221; animation_delay=&#8221;400&#8243; uncode_shortcode_id=&#8221;889151&#8243; text_color_type=&#8221;uncode-palette&#8221;]O mundo moderno se prop\u00f5e a cada dia, com maior \u00edmpeto, afirmar a import\u00e2ncia da encontramo-nos em espa\u00e7os com ampla liga\u00e7\u00e3o com a natureza onde podemos relacionar-se atrav\u00e9s da reflex\u00e3o e do conhecimento. O idealizador de Campan\u00f3polis, Antonio Campana, nos deixou um legado onde a conjun\u00e7\u00e3o entre a preserva\u00e7\u00e3o do meio ambiente e o patrim\u00f3nio cultural oferecem hoje uma ampla gama de possibilidades para aproveitar a fascinante hist\u00f3ria do lugar e seus arredores criam um cen\u00e1rio \u00fanico para realizar reuni\u00f5es especializadas, dirigidas e organizadas por um ou mais pessoas qualificadas e reconhecidas em sua \u00e1rea, desta maneira compartilhar em grupos uma aula de Yoga, um curso de culin\u00e1ria ao ar livre, um encontro de artistas, Safaris Fotogr\u00e1ficos ou um dia de forma\u00e7\u00e3o podem ser exemplos totalmente poss\u00edvel de fazer na Vila Campan\u00f3polis.<\/p>\n<p>[\/vc_custom_heading][vc_custom_heading text_color=&#8221;color-prif&#8221; text_font=&#8221;font-164793&#8243; text_weight=&#8221;400&#8243; css_animation=&#8221;zoom-in&#8221; animation_delay=&#8221;400&#8243; uncode_shortcode_id=&#8221;162803&#8243; text_color_type=&#8221;uncode-palette&#8221;]Al\u00e9m da atividade que o grupo ou organizador do espa\u00e7o prop\u00f5e, existe a possibilidade de incluir uma visita guiada realizada por guias especializados onde combinar as duas propostas. A visita guiada \u00e9 uma caminhada interpretativa aprofundada sobre a hist\u00f3ria da constru\u00e7\u00e3o da Vila Campan\u00f3polis e os detalhes detalhes de seu processo de constru\u00e7\u00e3o, bem como repensar a import\u00e2ncia de reciclar e cuidar dos ecossistemas. Voc\u00ea visita a vila com seu guia em uma hora e meia com caminhada de dificuldade baixa, sendo assim uma adaptada a todos os p\u00fablicos.<\/p>\n<p>[\/vc_custom_heading][vc_custom_heading text_color=&#8221;color-prif&#8221; text_font=&#8221;font-164793&#8243; text_weight=&#8221;400&#8243; css_animation=&#8221;zoom-in&#8221; animation_delay=&#8221;400&#8243; uncode_shortcode_id=&#8221;881456&#8243; text_color_type=&#8221;uncode-palette&#8221;]Campan\u00f3polis oferece a possibilidade de aproveitar seus espa\u00e7os exteriores e interiores para reuni\u00f5es. Desfrutar da experi\u00eancia da aldeia \u00e9 enriquecedor quando estamos ao ar livre podendo observar as imponentes obras com reminisc\u00eancias medievais em composi\u00e7\u00e3o com sons de \u00e1rvores e p\u00e1ssaros nos arredores. N\u00e3o s\u00f3 temos v\u00e1rios ambientes externos com vistas imponente, mas h\u00e1 tamb\u00e9m uma grande sala polivalente e um audit\u00f3rio com mais de 100 lugares onde voc\u00ea pode realizar confer\u00eancias, debates, apresenta\u00e7\u00f5es de livros, revistas, entre outras possibilidades.<\/p>\n<p>[\/vc_custom_heading][vc_custom_heading text_color=&#8221;color-prif&#8221; text_font=&#8221;font-164793&#8243; text_weight=&#8221;400&#8243; css_animation=&#8221;zoom-in&#8221; animation_delay=&#8221;400&#8243; uncode_shortcode_id=&#8221;171364&#8243; text_color_type=&#8221;uncode-palette&#8221;]Dentro da atividade que deseja desenvolver, existe a possibilidade de reservar tempo para o recreativo j\u00e1 que a estadia inclui 4 horas que podem ser aproveitadas para explorar os museus ou cole\u00e7\u00f5es dispon\u00edveis e apaixone-se por cada recanto. Tamb\u00e9m pode fazer um simples piquenique, tirar fotografias (sem fins comerciais ou publicit\u00e1rios) ou simplesmente o relaxamento de sentir-se num lugar que, at\u00e9 agora, s\u00f3 poderia ser real nas hist\u00f3rias.[\/vc_custom_heading][vc_custom_heading text_color=&#8221;color-prif&#8221; text_font=&#8221;font-164793&#8243; text_weight=&#8221;400&#8243; css_animation=&#8221;zoom-in&#8221; animation_delay=&#8221;400&#8243; uncode_shortcode_id=&#8221;102505&#8243; text_color_type=&#8221;uncode-palette&#8221;]Quanto ao lanche (caf\u00e9 da manh\u00e3\/almo\u00e7o), ele pode ser feito com a comida que cada um tem ou o grupo organiza previamente de forma individual. Eventualmente, existe a possibilidade de incluir, mediante custo adicional, um servi\u00e7o de pequeno-almo\u00e7o, almo\u00e7o ou lanche, fornecido nas instala\u00e7\u00f5es pela ger\u00eancia do local. \u00c9 aconselh\u00e1vel consultar detalhes por e-mail caso seja necess\u00e1rio organizar a op\u00e7\u00e3o de buffet de acordo com cada contingente. Vale ressaltar que Campan\u00f3polis tamb\u00e9m conta com um mercado com uma variedade de sandu\u00edches, cachorros-quentes, empanadas, pizzas, wraps, bolos, entre outros itens, caso voc\u00ea precise consumir alguma comida ou bebida.<\/p>\n<p>[\/vc_custom_heading][vc_custom_heading text_color=&#8221;color-prif&#8221; text_font=&#8221;font-164793&#8243; text_weight=&#8221;400&#8243; css_animation=&#8221;zoom-in&#8221; animation_delay=&#8221;400&#8243; uncode_shortcode_id=&#8221;317783&#8243; text_color_type=&#8221;uncode-palette&#8221;]\u00c9 sugerido que voc\u00ea chegue no hor\u00e1rio marcado, ou seja, no hor\u00e1rio de entrada do turno solicitado. Dessa forma, uma experi\u00eancia completa \u00e9 garantida. Este tipo de estadia \u00e9 uma \u00f3tima oportunidade para aqueles profissionais que desejam fazer uma excurs\u00e3o ou treinar em um ambiente diferente.<\/p>\n<p>[\/vc_custom_heading][vc_custom_heading text_color=&#8221;color-prif&#8221; text_font=&#8221;font-164793&#8243; text_weight=&#8221;400&#8243; css_animation=&#8221;zoom-in&#8221; animation_delay=&#8221;400&#8243; uncode_shortcode_id=&#8221;152873&#8243; text_color_type=&#8221;uncode-palette&#8221;]As reservas est\u00e3o sujeitas \u00e0 disponibilidade em dias \u00fateis.<\/p>\n<p>Os pagamentos s\u00e3o feitos por transfer\u00eancia banc\u00e1ria e devem ser creditados dois dias antes do dia da visita guiada.<\/p>\n<p>[\/vc_custom_heading][vc_custom_heading text_color=&#8221;color-prif&#8221; text_font=&#8221;font-164793&#8243; text_weight=&#8221;400&#8243; css_animation=&#8221;zoom-in&#8221; animation_delay=&#8221;400&#8243; uncode_shortcode_id=&#8221;791302&#8243; text_color_type=&#8221;uncode-palette&#8221;]As visitas n\u00e3o s\u00e3o suspensas devido \u00e0 chuva, mas o contingente tem a possibilidade de remarcar uma vez.<\/p>\n<p>[\/vc_custom_heading][vc_custom_heading text_color=&#8221;color-prif&#8221; text_font=&#8221;font-164793&#8243; text_weight=&#8221;400&#8243; css_animation=&#8221;zoom-in&#8221; animation_delay=&#8221;400&#8243; uncode_shortcode_id=&#8221;129144&#8243; text_color_type=&#8221;uncode-palette&#8221;]Fazemos um or\u00e7amento de acordo com cada necessidade.<\/p>\n<p>[\/vc_custom_heading][vc_custom_heading text_color=&#8221;color-prif&#8221; text_font=&#8221;font-164793&#8243; text_weight=&#8221;400&#8243; css_animation=&#8221;zoom-in&#8221; animation_delay=&#8221;400&#8243; uncode_shortcode_id=&#8221;868075&#8243; text_color_type=&#8221;uncode-palette&#8221; el_class=&#8221;Aviso&#8221;]Informa\u00e7\u00f5es, Or\u00e7amentos, Reservas e Pagamentos.<\/p>\n<p>[\/vc_custom_heading][vc_custom_heading text_color=&#8221;color-xsdn&#8221; text_font=&#8221;font-164793&#8243; text_weight=&#8221;400&#8243; css_animation=&#8221;alpha-anim&#8221; animation_delay=&#8221;100&#8243; uncode_shortcode_id=&#8221;741933&#8243; text_color_type=&#8221;uncode-palette&#8221;]NOSSO HOR\u00c1RIO TELEF\u00d4NICO E ADMINISTRATIVO \u00c9 DE SEGUNDA A SEXTAS-FEIRAS DAS 09:00H \u00c0S 17:00H. (DIAS \u00daTEIS)<\/p>\n<p>[\/vc_custom_heading]<a href=\"https:\/\/campanopolis.com.ar\/consultas\/\" title=\"\"  data-id=\"mpc_button-3369e18259418c2\" class=\"mpc-button mpc-init mpc-transition mpc-animation mpc-typography--default \"  data-animation-in=\"transition.fadeIn||300||300||100\"><div class=\"mpc-button__content mpc-effect-type--stay mpc-effect-side--left\"><i class=\"mpc-button__icon mpc-transition  fa fa-info-circle\"><\/i><span class=\"mpc-button__title mpc-transition\">Consultar<\/span><\/div><div class=\"mpc-button__background mpc-transition mpc-effect-type--slide mpc-effect-side--top\"><\/div><\/a>[\/vc_column][\/vc_row]<\/p>\n<\/div>","protected":false},"excerpt":{"rendered":"<p>[vc_row unlock_row_content=&#8221;yes&#8221; row_height_percent=&#8221;100&#8243; override_padding=&#8221;yes&#8221; h_padding=&#8221;5&#8243; top_padding=&#8221;2&#8243; bottom_padding=&#8221;2&#8243; back_color=&#8221;color-vyce&#8221; overlay_alpha=&#8221;50&#8243; equal_height=&#8221;yes&#8221; gutter_size=&#8221;0&#8243; column_width_percent=&#8221;100&#8243; shift_y=&#8221;0&#8243; z_index=&#8221;0&#8243; row_name=&#8221;Campanopolis&#8221;][vc_column column_width_percent=&#8221;65&#8243; align_horizontal=&#8221;align_center&#8221; gutter_size=&#8221;3&#8243; override_padding=&#8221;yes&#8221; column_padding=&#8221;2&#8243;<\/p>\n","protected":false},"author":2,"featured_media":0,"parent":0,"menu_order":0,"comment_status":"closed","ping_status":"closed","template":"","meta":{"footnotes":""},"class_list":["post-467784","page","type-page","status-publish","hentry"],"_links":{"self":[{"href":"https:\/\/campanopolis.com.ar\/pt-br\/wp-json\/wp\/v2\/pages\/467784","targetHints":{"allow":["GET"]}}],"collection":[{"href":"https:\/\/campanopolis.com.ar\/pt-br\/wp-json\/wp\/v2\/pages"}],"about":[{"href":"https:\/\/campanopolis.com.ar\/pt-br\/wp-json\/wp\/v2\/types\/page"}],"author":[{"embeddable":true,"href":"https:\/\/campanopolis.com.ar\/pt-br\/wp-json\/wp\/v2\/users\/2"}],"replies":[{"embeddable":true,"href":"https:\/\/campanopolis.com.ar\/pt-br\/wp-json\/wp\/v2\/comments?post=467784"}],"version-history":[{"count":2,"href":"https:\/\/campanopolis.com.ar\/pt-br\/wp-json\/wp\/v2\/pages\/467784\/revisions"}],"predecessor-version":[{"id":467786,"href":"https:\/\/campanopolis.com.ar\/pt-br\/wp-json\/wp\/v2\/pages\/467784\/revisions\/467786"}],"wp:attachment":[{"href":"https:\/\/campanopolis.com.ar\/pt-br\/wp-json\/wp\/v2\/media?parent=467784"}],"curies":[{"name":"wp","href":"https:\/\/api.w.org\/{rel}","templated":true}]}}