{"id":467771,"date":"2017-07-30T19:09:16","date_gmt":"2017-07-30T22:09:16","guid":{"rendered":"https:\/\/campanopolis.com.ar\/visitas-guiadas-escolares-universidades\/"},"modified":"2025-02-28T14:38:45","modified_gmt":"2025-02-28T17:38:45","slug":"visitas-guiadas-escolares-universidades","status":"publish","type":"page","link":"https:\/\/campanopolis.com.ar\/pt-br\/visitas-guiadas-escolares-universidades\/","title":{"rendered":"Visitas Guiadas Escolares \/ Universidades"},"content":{"rendered":"<div class=\"wpb-content-wrapper\"><p>[vc_row unlock_row_content=&#8221;yes&#8221; row_height_percent=&#8221;100&#8243; override_padding=&#8221;yes&#8221; h_padding=&#8221;5&#8243; top_padding=&#8221;2&#8243; bottom_padding=&#8221;2&#8243; back_color=&#8221;color-wvjs&#8221; overlay_alpha=&#8221;50&#8243; equal_height=&#8221;yes&#8221; gutter_size=&#8221;0&#8243; column_width_percent=&#8221;100&#8243; shift_y=&#8221;0&#8243; z_index=&#8221;0&#8243; row_name=&#8221;Entradas&#8221;][vc_column column_width_percent=&#8221;65&#8243; align_horizontal=&#8221;align_center&#8221; gutter_size=&#8221;3&#8243; override_padding=&#8221;yes&#8221; column_padding=&#8221;2&#8243; overlay_alpha=&#8221;50&#8243; shift_x=&#8221;0&#8243; shift_y=&#8221;0&#8243; z_index=&#8221;0&#8243; medium_width=&#8221;0&#8243; mobile_width=&#8221;0&#8243; width=&#8221;1\/1&#8243;][vc_custom_heading text_color=&#8221;color-xsdn&#8221; heading_semantic=&#8221;h1&#8243; text_font=&#8221;font-164793&#8243; text_size=&#8221;h1&#8243; text_weight=&#8221;400&#8243; el_class=&#8221;Aviso&#8221; uncode_shortcode_id=&#8221;649899&#8243; text_color_type=&#8221;uncode-palette&#8221;]Hor\u00e1rios<\/p>\n<p>[\/vc_custom_heading][vc_custom_heading text_color=&#8221;color-xsdn&#8221; text_font=&#8221;font-164793&#8243; text_weight=&#8221;400&#8243; el_class=&#8221;Aviso&#8221; uncode_shortcode_id=&#8221;138495&#8243; text_color_type=&#8221;uncode-palette&#8221;]<\/p>\n<div><strong>Turno da manh\u00e3:<\/strong><\/div>\n<div>Entrada 09:30hs | Encerramento 12:30hs.<\/div>\n<div><\/div>\n<div><strong>Turno tardio:<\/strong><\/div>\n<div>Entrada 13:30hs | Encerramento 16:30hs.<\/div>\n<p>[\/vc_custom_heading][vc_custom_heading text_color=&#8221;color-xsdn&#8221; heading_semantic=&#8221;h1&#8243; text_font=&#8221;font-164793&#8243; text_size=&#8221;h1&#8243; text_weight=&#8221;400&#8243; el_class=&#8221;Aviso&#8221; uncode_shortcode_id=&#8221;136375&#8243; text_color_type=&#8221;uncode-palette&#8221;]Valores e Condi\u00e7\u00f5es<\/p>\n<p>[\/vc_custom_heading][vc_custom_heading text_color=&#8221;color-xsdn&#8221; text_font=&#8221;font-164793&#8243; text_weight=&#8221;400&#8243; el_class=&#8221;Aviso&#8221; uncode_shortcode_id=&#8221;888839&#8243; text_color_type=&#8221;uncode-palette&#8221;]Pre\u00e7o por aluno: $10.000<\/p>\n<p>[\/vc_custom_heading][vc_custom_heading text_color=&#8221;color-xsdn&#8221; text_font=&#8221;font-164793&#8243; text_weight=&#8221;400&#8243; el_class=&#8221;Aviso&#8221; uncode_shortcode_id=&#8221;103046&#8243; text_color_type=&#8221;uncode-palette&#8221;]Adultos e acompanhantes: $10.000<\/p>\n<p>[\/vc_custom_heading][vc_custom_heading text_color=&#8221;color-xsdn&#8221; text_font=&#8221;font-164793&#8243; text_weight=&#8221;400&#8243; el_class=&#8221;Aviso&#8221; uncode_shortcode_id=&#8221;407321&#8243; text_color_type=&#8221;uncode-palette&#8221;]A proposta destina-se a estudantes maiores de 14 anos, sem exce\u00e7\u00e3o, nos n\u00edveis secund\u00e1rio, superior ou universit\u00e1rio.<\/p>\n<p>[\/vc_custom_heading][vc_custom_heading text_color=&#8221;color-xsdn&#8221; text_font=&#8221;font-164793&#8243; text_weight=&#8221;400&#8243; el_class=&#8221;Aviso&#8221; uncode_shortcode_id=&#8221;115004&#8243; text_color_type=&#8221;uncode-palette&#8221;]Os grupos dever\u00e3o comparecer com um adulto para cada 10 alunos.[\/vc_custom_heading]<a href=\"https:\/\/campanopolis.com.ar\/consultas\/\" title=\"\"  data-id=\"mpc_button-3369efc6a748fbe\" class=\"mpc-button mpc-init mpc-transition mpc-animation mpc-typography--default \"  data-animation-in=\"transition.fadeIn||300||300||100\"><div class=\"mpc-button__content mpc-effect-type--stay mpc-effect-side--left\"><i class=\"mpc-button__icon mpc-transition  fa fa-info-circle\"><\/i><span class=\"mpc-button__title mpc-transition\">Consultas<\/span><\/div><div class=\"mpc-button__background mpc-transition mpc-effect-type--slide mpc-effect-side--top\"><\/div><\/a>[\/vc_column][\/vc_row][vc_row unlock_row_content=&#8221;yes&#8221; row_height_percent=&#8221;100&#8243; override_padding=&#8221;yes&#8221; h_padding=&#8221;3&#8243; top_padding=&#8221;2&#8243; bottom_padding=&#8221;2&#8243; back_color=&#8221;color-zsdf&#8221; overlay_alpha=&#8221;50&#8243; equal_height=&#8221;yes&#8221; gutter_size=&#8221;0&#8243; column_width_percent=&#8221;100&#8243; shift_y=&#8221;0&#8243; z_index=&#8221;0&#8243; row_name=&#8221;Campanopolis&#8221;][vc_column column_width_percent=&#8221;65&#8243; align_horizontal=&#8221;align_center&#8221; gutter_size=&#8221;3&#8243; override_padding=&#8221;yes&#8221; column_padding=&#8221;2&#8243; overlay_alpha=&#8221;50&#8243; shift_x=&#8221;0&#8243; shift_y=&#8221;0&#8243; z_index=&#8221;0&#8243; medium_width=&#8221;0&#8243; mobile_width=&#8221;0&#8243; width=&#8221;1\/1&#8243;][vc_custom_heading text_color=&#8221;color-prif&#8221; text_font=&#8221;font-164793&#8243; text_weight=&#8221;400&#8243; css_animation=&#8221;zoom-in&#8221; animation_delay=&#8221;400&#8243; uncode_shortcode_id=&#8221;604031&#8243; text_color_type=&#8221;uncode-palette&#8221;]A visita a Campan\u00f3polis \u00e9 uma experi\u00eancia \u00fanica que pode ser feita num formato pedag\u00f3gica junto com alunos, professores e gestores. O guia escolar nos convida a pensar e refletir sobre os valores sociais e a import\u00e2ncia da constru\u00e7\u00e3o coletiva. Ele tour inclui temas a serem discutidos com possibilidade de serem relacionados ao PEI escolar ou integrar bem os conte\u00fados curriculares. Alguns deles podem ser o meio ambiente, reciclagem, arte, cultura, hist\u00f3ria e criatividade.[\/vc_custom_heading][vc_custom_heading text_color=&#8221;color-prif&#8221; text_font=&#8221;font-164793&#8243; text_weight=&#8221;400&#8243; css_animation=&#8221;zoom-in&#8221; animation_delay=&#8221;400&#8243; uncode_shortcode_id=&#8221;149544&#8243; text_color_type=&#8221;uncode-palette&#8221;]Guias especializados acompanhar\u00e3o voc\u00ea durante a caminhada, que durar\u00e1 aproximadamente 2 horas considerando um intervalo de 30 minutos no meio do guia. Esse o tempo pode ser aproveitado para consumir alimentos e\/ou bebidas na modalidade de piquenique. Sem d\u00favida, a caminhada guiada p\u00f5e em jogo o valor da escuta e respeito pela palavra de todos os participantes que juntos interpretar\u00e3o a aldeia. O gu\u00eda Al\u00e9m disso, ser\u00e3o consultados trabalhos anteriores da escola frequentadora para enfatizar o link tema poss\u00edvel e as orienta\u00e7\u00f5es a seguir durante a caminhada, que permitem uma melhor conviv\u00eancia e desenvolvimento da caminhada.[\/vc_custom_heading][vc_custom_heading text_color=&#8221;color-prif&#8221; text_font=&#8221;font-164793&#8243; text_weight=&#8221;400&#8243; css_animation=&#8221;zoom-in&#8221; animation_delay=&#8221;400&#8243; uncode_shortcode_id=&#8221;123233&#8243; text_color_type=&#8221;uncode-palette&#8221;]No dia e hor\u00e1rio marcados, os alunos chegar\u00e3o \u00e0 Aldeia onde ser\u00e3o recebidos por Guias, que o acompanhar\u00e3o num passeio pelos diferentes circuitos que oferece o lugar.<\/p>\n<p>[\/vc_custom_heading][vc_custom_heading text_color=&#8221;color-prif&#8221; text_font=&#8221;font-164793&#8243; text_weight=&#8221;400&#8243; css_animation=&#8221;zoom-in&#8221; animation_delay=&#8221;400&#8243; uncode_shortcode_id=&#8221;211479&#8243; text_color_type=&#8221;uncode-palette&#8221;]Na primeira etapa, os alunos ser\u00e3o convidados a percorrer a ecl\u00e9tica vila com esp\u00edrito medieval. O tema central ser\u00e1 desenvolvido destacando a hist\u00f3ria do local, a etapas de constru\u00e7\u00e3o, os materiais utilizados (principalmente reciclados), bem como tamb\u00e9m a vida de seu criador e seu legado.[\/vc_custom_heading][vc_custom_heading text_color=&#8221;color-prif&#8221; text_font=&#8221;font-164793&#8243; text_weight=&#8221;400&#8243; css_animation=&#8221;zoom-in&#8221; animation_delay=&#8221;400&#8243; uncode_shortcode_id=&#8221;123893&#8243; text_color_type=&#8221;uncode-palette&#8221;]Na segunda etapa, ser\u00e1 visitada a \u00e1rea do parque, onde os alunos poder\u00e3o entrar em contato com a natureza e apreciar a flora e a fauna do local. Deve-se notar que tudo o circuito a realizar \u00e9 de baixa dificuldade.<\/p>\n<p>[\/vc_custom_heading][vc_custom_heading text_color=&#8221;color-prif&#8221; text_font=&#8221;font-164793&#8243; text_weight=&#8221;400&#8243; css_animation=&#8221;zoom-in&#8221; animation_delay=&#8221;400&#8243; uncode_shortcode_id=&#8221;178356&#8243; text_color_type=&#8221;uncode-palette&#8221;]\u00c9 nossa considera\u00e7\u00e3o que estas visitas educativo-recreativas servem n\u00e3o s\u00f3 para aprender conte\u00fados, mas tamb\u00e9m provocar nos jovens uma sensibilidade especial pelo cuidado do meio ambiente e da ecologia, bem como pelo respeito e valoriza\u00e7\u00e3o do nosso patrim\u00f3nio hist\u00f3rico \u2013 cultural \u2013 natural.[\/vc_custom_heading][vc_custom_heading text_color=&#8221;color-prif&#8221; text_font=&#8221;font-164793&#8243; text_weight=&#8221;400&#8243; css_animation=&#8221;zoom-in&#8221; animation_delay=&#8221;400&#8243; uncode_shortcode_id=&#8221;110714&#8243; text_color_type=&#8221;uncode-palette&#8221;]Relativamente \u00e0 quest\u00e3o dos servi\u00e7os, importa referir que temos benef\u00edcios m\u00e9dicos em caso de emerg\u00eancias em hor\u00e1rio comercial, mercado com variedade de sandu\u00edches, cachorros-quentes, empanadas, pizzas, wraps, bolos, entre outras coisas, ponto de carregamento celulares, bancos externos e cadeiras externas e internas. Al\u00e9m disso temos uma loja de souvenirs.<\/p>\n<p>[\/vc_custom_heading][vc_custom_heading text_color=&#8221;color-prif&#8221; text_font=&#8221;font-164793&#8243; text_weight=&#8221;400&#8243; css_animation=&#8221;zoom-in&#8221; animation_delay=&#8221;400&#8243; uncode_shortcode_id=&#8221;182378&#8243; text_color_type=&#8221;uncode-palette&#8221;]As reservas est\u00e3o sujeitas \u00e0 disponibilidade em dias \u00fateis de semana.[\/vc_custom_heading][vc_custom_heading text_color=&#8221;color-prif&#8221; text_font=&#8221;font-164793&#8243; text_weight=&#8221;400&#8243; css_animation=&#8221;zoom-in&#8221; animation_delay=&#8221;400&#8243; uncode_shortcode_id=&#8221;172777&#8243; text_color_type=&#8221;uncode-palette&#8221;]Os pagamentos s\u00e3o feitos por transfer\u00eancia banc\u00e1ria e devem ser compensados no prazo de cinco d\u00edas, antes do dia da visita guiada.<\/p>\n<p>As visitas n\u00e3o s\u00e3o suspensas por causa de chuva, mas o contingente tem a possibilidade de reprogramar uma vez.<\/p>\n<p>[\/vc_custom_heading][vc_custom_heading text_color=&#8221;color-xsdn&#8221; text_font=&#8221;font-164793&#8243; text_weight=&#8221;400&#8243; css_animation=&#8221;alpha-anim&#8221; animation_delay=&#8221;100&#8243; uncode_shortcode_id=&#8221;204176&#8243; text_color_type=&#8221;uncode-palette&#8221;]NOSSO HOR\u00c1RIO TELEF\u00d4NICO E ADMINISTRATIVO \u00c9 DE SEGUNDA A SEXTAS-FEIRAS DAS 09:00H \u00c0S 17:00H. (DIAS \u00daTEIS)<\/p>\n<p>[\/vc_custom_heading]<a href=\"https:\/\/campanopolis.com.ar\/consultas\/\" title=\"\"  data-id=\"mpc_button-1069efc6a749094\" class=\"mpc-button mpc-init mpc-transition mpc-animation mpc-typography--default \"  data-animation-in=\"transition.fadeIn||300||300||100\"><div class=\"mpc-button__content mpc-effect-type--stay mpc-effect-side--left\"><i class=\"mpc-button__icon mpc-transition  fa fa-info-circle\"><\/i><span class=\"mpc-button__title mpc-transition\">Consultas<\/span><\/div><div class=\"mpc-button__background mpc-transition mpc-effect-type--slide mpc-effect-side--top\"><\/div><\/a>[\/vc_column][\/vc_row]<\/p>\n<\/div>","protected":false},"excerpt":{"rendered":"<p>[vc_row unlock_row_content=&#8221;yes&#8221; row_height_percent=&#8221;100&#8243; override_padding=&#8221;yes&#8221; h_padding=&#8221;5&#8243; top_padding=&#8221;2&#8243; bottom_padding=&#8221;2&#8243; back_color=&#8221;color-wvjs&#8221; overlay_alpha=&#8221;50&#8243; equal_height=&#8221;yes&#8221; gutter_size=&#8221;0&#8243; column_width_percent=&#8221;100&#8243; shift_y=&#8221;0&#8243; z_index=&#8221;0&#8243; row_name=&#8221;Entradas&#8221;][vc_column column_width_percent=&#8221;65&#8243; align_horizontal=&#8221;align_center&#8221; gutter_size=&#8221;3&#8243; override_padding=&#8221;yes&#8221; column_padding=&#8221;2&#8243;<\/p>\n","protected":false},"author":2,"featured_media":0,"parent":0,"menu_order":0,"comment_status":"closed","ping_status":"closed","template":"","meta":{"footnotes":""},"class_list":["post-467771","page","type-page","status-publish","hentry"],"_links":{"self":[{"href":"https:\/\/campanopolis.com.ar\/pt-br\/wp-json\/wp\/v2\/pages\/467771","targetHints":{"allow":["GET"]}}],"collection":[{"href":"https:\/\/campanopolis.com.ar\/pt-br\/wp-json\/wp\/v2\/pages"}],"about":[{"href":"https:\/\/campanopolis.com.ar\/pt-br\/wp-json\/wp\/v2\/types\/page"}],"author":[{"embeddable":true,"href":"https:\/\/campanopolis.com.ar\/pt-br\/wp-json\/wp\/v2\/users\/2"}],"replies":[{"embeddable":true,"href":"https:\/\/campanopolis.com.ar\/pt-br\/wp-json\/wp\/v2\/comments?post=467771"}],"version-history":[{"count":2,"href":"https:\/\/campanopolis.com.ar\/pt-br\/wp-json\/wp\/v2\/pages\/467771\/revisions"}],"predecessor-version":[{"id":467773,"href":"https:\/\/campanopolis.com.ar\/pt-br\/wp-json\/wp\/v2\/pages\/467771\/revisions\/467773"}],"wp:attachment":[{"href":"https:\/\/campanopolis.com.ar\/pt-br\/wp-json\/wp\/v2\/media?parent=467771"}],"curies":[{"name":"wp","href":"https:\/\/api.w.org\/{rel}","templated":true}]}}