{"id":467761,"date":"2017-07-30T18:30:05","date_gmt":"2017-07-30T21:30:05","guid":{"rendered":"https:\/\/campanopolis.com.ar\/visitas-guiadas-aposentadas-contingentes\/"},"modified":"2025-02-28T14:53:47","modified_gmt":"2025-02-28T17:53:47","slug":"visitas-guiadas-aposentadas-contingentes","status":"publish","type":"page","link":"https:\/\/campanopolis.com.ar\/pt-br\/visitas-guiadas-aposentadas-contingentes\/","title":{"rendered":"Visitas Guiadas Aposentadas \/ Contingentes"},"content":{"rendered":"<div class=\"wpb-content-wrapper\"><p>[vc_row unlock_row_content=&#8221;yes&#8221; row_height_percent=&#8221;100&#8243; override_padding=&#8221;yes&#8221; h_padding=&#8221;5&#8243; top_padding=&#8221;2&#8243; bottom_padding=&#8221;2&#8243; back_color=&#8221;color-iopl&#8221; overlay_alpha=&#8221;50&#8243; equal_height=&#8221;yes&#8221; gutter_size=&#8221;0&#8243; column_width_percent=&#8221;100&#8243; shift_y=&#8221;0&#8243; z_index=&#8221;0&#8243; row_name=&#8221;Entradas&#8221;][vc_column column_width_percent=&#8221;65&#8243; align_horizontal=&#8221;align_center&#8221; gutter_size=&#8221;3&#8243; override_padding=&#8221;yes&#8221; column_padding=&#8221;2&#8243; overlay_alpha=&#8221;50&#8243; shift_x=&#8221;0&#8243; shift_y=&#8221;0&#8243; z_index=&#8221;0&#8243; medium_width=&#8221;0&#8243; mobile_width=&#8221;0&#8243; width=&#8221;1\/1&#8243;][vc_custom_heading text_color=&#8221;color-xsdn&#8221; heading_semantic=&#8221;h1&#8243; text_font=&#8221;font-164793&#8243; text_size=&#8221;h1&#8243; text_weight=&#8221;400&#8243; el_class=&#8221;Aviso&#8221; uncode_shortcode_id=&#8221;649899&#8243; text_color_type=&#8221;uncode-palette&#8221;]Hor\u00e1rios<\/p>\n<p>[\/vc_custom_heading][vc_custom_heading text_color=&#8221;color-xsdn&#8221; text_font=&#8221;font-164793&#8243; text_weight=&#8221;400&#8243; el_class=&#8221;Aviso&#8221; uncode_shortcode_id=&#8221;138495&#8243; text_color_type=&#8221;uncode-palette&#8221;]<\/p>\n<div><strong>Turno da manh\u00e3:<\/strong><\/div>\n<div>Entrada 09:30hs \/ Encerramento 12:30hs.<\/div>\n<div><\/div>\n<div><strong>Turno tarde:<\/strong><\/div>\n<div>Entrada 09:30hs \/ Encerramento 12:30hs.<\/div>\n<p>[\/vc_custom_heading][vc_custom_heading text_color=&#8221;color-xsdn&#8221; heading_semantic=&#8221;h1&#8243; text_font=&#8221;font-164793&#8243; text_size=&#8221;h1&#8243; text_weight=&#8221;400&#8243; desktop_visibility=&#8221;yes&#8221; medium_visibility=&#8221;yes&#8221; mobile_visibility=&#8221;yes&#8221; el_class=&#8221;Aviso&#8221; uncode_shortcode_id=&#8221;188303&#8243; text_color_type=&#8221;uncode-palette&#8221;]Pre\u00e7os<\/p>\n<p>[\/vc_custom_heading][vc_custom_heading text_color=&#8221;color-xsdn&#8221; text_font=&#8221;font-164793&#8243; text_weight=&#8221;400&#8243; desktop_visibility=&#8221;yes&#8221; medium_visibility=&#8221;yes&#8221; mobile_visibility=&#8221;yes&#8221; el_class=&#8221;Aviso&#8221; uncode_shortcode_id=&#8221;703370&#8243; text_color_type=&#8221;uncode-palette&#8221;]Custo por aposentado: $10.000<\/p>\n<p>[\/vc_custom_heading][vc_custom_heading text_color=&#8221;color-xsdn&#8221; text_font=&#8221;font-164793&#8243; text_weight=&#8221;400&#8243; el_class=&#8221;Aviso&#8221; uncode_shortcode_id=&#8221;211287&#8243; text_color_type=&#8221;uncode-palette&#8221;]Apenas Grupos com capacidade m\u00ednima de 25 aposentados, reserva pr\u00e9via e pagamento.[\/vc_custom_heading][vc_custom_heading text_color=&#8221;color-xsdn&#8221; text_font=&#8221;font-164793&#8243; text_weight=&#8221;400&#8243; el_class=&#8221;Aviso&#8221; uncode_shortcode_id=&#8221;166009&#8243; text_color_type=&#8221;uncode-palette&#8221;]Proposta destinada apenas a grupos organizados e contingentes.<\/p>\n<p>Estacionamento gratuito dentro das instala\u00e7\u00f5es.<\/p>\n<p>[\/vc_custom_heading]<a href=\"https:\/\/campanopolis.com.ar\/pt-br\/consultas\/\" title=\"\"  data-id=\"mpc_button-3369e1829eb3ea3\" class=\"mpc-button mpc-init mpc-transition mpc-animation mpc-typography--default \"  data-animation-in=\"transition.fadeIn||300||300||100\"><div class=\"mpc-button__content mpc-effect-type--stay mpc-effect-side--left\"><i class=\"mpc-button__icon mpc-transition  fa fa-info-circle\"><\/i><span class=\"mpc-button__title mpc-transition\">Consultar<\/span><\/div><div class=\"mpc-button__background mpc-transition mpc-effect-type--slide mpc-effect-side--top\"><\/div><\/a>[\/vc_column][\/vc_row][vc_row unlock_row_content=&#8221;yes&#8221; row_height_percent=&#8221;100&#8243; override_padding=&#8221;yes&#8221; h_padding=&#8221;5&#8243; top_padding=&#8221;2&#8243; bottom_padding=&#8221;2&#8243; back_color=&#8221;color-vyce&#8221; overlay_alpha=&#8221;50&#8243; equal_height=&#8221;yes&#8221; gutter_size=&#8221;0&#8243; column_width_percent=&#8221;100&#8243; shift_y=&#8221;0&#8243; z_index=&#8221;0&#8243; row_name=&#8221;Campanopolis&#8221;][vc_column column_width_percent=&#8221;65&#8243; align_horizontal=&#8221;align_center&#8221; gutter_size=&#8221;3&#8243; override_padding=&#8221;yes&#8221; column_padding=&#8221;2&#8243; overlay_alpha=&#8221;50&#8243; shift_x=&#8221;0&#8243; shift_y=&#8221;0&#8243; z_index=&#8221;0&#8243; medium_width=&#8221;0&#8243; mobile_width=&#8221;0&#8243; width=&#8221;1\/1&#8243;][vc_custom_heading text_color=&#8221;color-xsdn&#8221; heading_semantic=&#8221;h1&#8243; text_font=&#8221;font-164793&#8243; text_size=&#8221;h1&#8243; text_weight=&#8221;400&#8243; css_animation=&#8221;zoom-in&#8221; animation_delay=&#8221;400&#8243; el_class=&#8221;Aviso&#8221; uncode_shortcode_id=&#8221;902033&#8243; text_color_type=&#8221;uncode-palette&#8221;]Desfrute de um passeio inesquec\u00edvel com um grupo de aposentados.[\/vc_custom_heading][vc_custom_heading text_color=&#8221;color-prif&#8221; text_font=&#8221;font-164793&#8243; text_weight=&#8221;400&#8243; css_animation=&#8221;zoom-in&#8221; animation_delay=&#8221;400&#8243;]Voc\u00ea sabia que se tiver um grupo de mais de 25 pessoas pode vir nos visitar nos finais de semana?[\/vc_custom_heading][vc_custom_heading text_color=&#8221;color-prif&#8221; text_font=&#8221;font-164793&#8243; text_weight=&#8221;400&#8243; css_animation=&#8221;zoom-in&#8221; animation_delay=&#8221;400&#8243; uncode_shortcode_id=&#8221;508527&#8243; text_color_type=&#8221;uncode-palette&#8221;]A visita guiada a Campan\u00f3polis \u00e9 um convite impl\u00edcito na sua liga\u00e7\u00e3o entre a utop\u00eda e a realiza\u00e7\u00e3o de sonhos. Caminhar pela Vila Campan\u00f3polis \u00e9 apelar \u00e0 memoria cultura coletiva de se sentir parte integrante de sua est\u00e9tica e de seus desafios para uma criatividade sem limites, a excurs\u00e3o \u00e9 uma encena\u00e7\u00e3o museol\u00f3gica que inclui uma descri\u00e7\u00e3o profunda da hist\u00f3ria da sua realiza\u00e7\u00e3o, observa\u00e7\u00e3o da exposi\u00e7\u00e3o de seus elementos materiais construtivos e as liga\u00e7\u00f5es entre a natureza e o cuidado do meio ambiente.<\/p>\n<p>[\/vc_custom_heading][vc_custom_heading text_color=&#8221;color-prif&#8221; text_font=&#8221;font-164793&#8243; text_weight=&#8221;400&#8243; css_animation=&#8221;zoom-in&#8221; animation_delay=&#8221;400&#8243; uncode_shortcode_id=&#8221;704892&#8243; text_color_type=&#8221;uncode-palette&#8221;]Guias especializados acompanhar\u00e3o os grupos durante uma hora e meia para repensar durante a caminhada o processo que levou Antonio Campana (criador do local), transformar esbo\u00e7os em grandes obras com elementos em sua maioria reciclados.[\/vc_custom_heading][vc_custom_heading text_color=&#8221;color-prif&#8221; text_font=&#8221;font-164793&#8243; text_weight=&#8221;400&#8243; css_animation=&#8221;zoom-in&#8221; animation_delay=&#8221;400&#8243; uncode_shortcode_id=&#8221;166332&#8243; text_color_type=&#8221;uncode-palette&#8221;]Seu estilo com reminisc\u00eancias medievais ecl\u00e9ticas ser\u00e1 um gatilho para pensar junto com o\/a guia, a import\u00e2ncia de preservar o patrim\u00f3nio cultural e a hist\u00f3ria da imigra\u00e7\u00e3o.[\/vc_custom_heading][vc_custom_heading text_color=&#8221;color-prif&#8221; text_font=&#8221;font-164793&#8243; text_weight=&#8221;400&#8243; css_animation=&#8221;zoom-in&#8221; animation_delay=&#8221;400&#8243; uncode_shortcode_id=&#8221;114543&#8243; text_color_type=&#8221;uncode-palette&#8221;]Al\u00e9m da visita guiada, h\u00e1 momentos de lazer que podem ser aproveitados para visite os museus ou cole\u00e7\u00f5es dispon\u00edveis e apaixone-se por cada recanto rodeado de uma natureza profusa. Voc\u00ea tamb\u00e9m pode fazer um piquenique simples, tirar fotos (para tirar \u00a0fotografias comerciais ou publicit\u00e1rias dever\u00e1 consultar o Se\u00e7\u00f5es \u201cFoto e v\u00eddeo social\u201d e \u201cProdu\u00e7\u00f5es comerciais\u201d, onde encontram um formato poss\u00edvel em que, por exemplo, possam fazer altera\u00e7\u00f5es em vesti\u00e1rios ou utiliza\u00e7\u00f5es de drones que, no formato de visita guiada, n\u00e3o \u00e9 poss\u00edvel), ou simplesmente o relaxamento de sentir que voc\u00ea est\u00e1 em um lugar que at\u00e9 agora, s\u00f3 poderia ser real em hist\u00f3rias ou sonhos.<\/p>\n<p>[\/vc_custom_heading][vc_custom_heading text_color=&#8221;color-prif&#8221; text_font=&#8221;font-164793&#8243; text_weight=&#8221;400&#8243; css_animation=&#8221;zoom-in&#8221; animation_delay=&#8221;400&#8243; uncode_shortcode_id=&#8221;202112&#8243; text_color_type=&#8221;uncode-palette&#8221;]Quanto ao lanche (caf\u00e9 da manh\u00e3\/almo\u00e7o), pode ser feito com alimentos que cada visitante possua ou que o grupo organizou previamente em forma particular leve. Eventualmente, existe a possibilidade de incluir com custo adicional um catering para caf\u00e9 da manh\u00e3\u00a0 ou almo\u00e7o fornecido pela administra\u00e7\u00e3o do local. \u00c9 aconselh\u00e1vel consultar detalhes por email caso necessite organizar a op\u00e7\u00e3o de catering de acordo com cada grupo. Cabe ressaltar que Campan\u00f3polis tamb\u00e9m possui um mini mercado com variedade de sandu\u00edches, cachorros-quentes, empanadas, pizzas, wraps, bolos, entre outros produtos caso voc\u00ea precise consumir algum alimento ou bebida. Estes tempos de comida ou piquenique podem ser feitos com tr\u00eas op\u00e7\u00f5es: antes da guiada, no meio da guiada proporcionando assim um tempo de descanso, ou ap\u00f3s a guiada. A Vila tem bancos exteriores, cadeiras interiores e exteriores. Tamb\u00e9m temos um servi\u00e7o de presta\u00e7\u00e3o m\u00e9dica em caso de emerg\u00eancia dentro do hor\u00e1rio de perman\u00eancia.<\/p>\n<p>[\/vc_custom_heading][vc_custom_heading text_color=&#8221;color-prif&#8221; text_font=&#8221;font-164793&#8243; text_weight=&#8221;400&#8243; css_animation=&#8221;zoom-in&#8221; animation_delay=&#8221;400&#8243; uncode_shortcode_id=&#8221;511385&#8243; text_color_type=&#8221;uncode-palette&#8221;]Sugere-se que a chegada seja pontual, ou seja, no hor\u00e1rio de entrada do turno solicitado. Desta forma, \u00e9 garantida uma experi\u00eancia completa. Este formato de visita \u00e9 uma \u00f3tima oportunidade para os aposentados fazerem um passeio inesquec\u00edvel.<\/p>\n<p>[\/vc_custom_heading][vc_custom_heading text_color=&#8221;color-prif&#8221; text_font=&#8221;font-164793&#8243; text_weight=&#8221;400&#8243; css_animation=&#8221;zoom-in&#8221; animation_delay=&#8221;400&#8243; uncode_shortcode_id=&#8221;169997&#8243; text_color_type=&#8221;uncode-palette&#8221;]As reservas est\u00e3o sujeitas \u00e0 disponibilidade em dias \u00fateis de semana.<\/p>\n<p>Os pagamentos s\u00e3o feitos por transfer\u00eancia banc\u00e1ria e devem ser compensados \u200b\u200bno prazo de cinco dias antes do dia da visita guiada.<\/p>\n<p>[\/vc_custom_heading][vc_custom_heading text_color=&#8221;color-prif&#8221; text_font=&#8221;font-164793&#8243; text_weight=&#8221;400&#8243; css_animation=&#8221;zoom-in&#8221; animation_delay=&#8221;400&#8243; uncode_shortcode_id=&#8221;791302&#8243; text_color_type=&#8221;uncode-palette&#8221;]As visitas n\u00e3o s\u00e3o suspensas por causa da chuva, mas o contingente tem a possibilidade de reprogramar uma vez.<\/p>\n<p>[\/vc_custom_heading][vc_custom_heading text_color=&#8221;color-xsdn&#8221; text_font=&#8221;font-164793&#8243; text_weight=&#8221;400&#8243; css_animation=&#8221;alpha-anim&#8221; animation_delay=&#8221;100&#8243; uncode_shortcode_id=&#8221;119431&#8243; text_color_type=&#8221;uncode-palette&#8221;]NOSSO HOR\u00c1RIO TELEF\u00d4NICO E ADMINISTRATIVO \u00c9 DE SEGUNDA A SEXTAS-FEIRAS DAS 9H \u00c0S 17H. (DIAS \u00daTEIS)<\/p>\n<p>[\/vc_custom_heading][\/vc_column][\/vc_row]<\/p>\n<\/div>","protected":false},"excerpt":{"rendered":"<p>[vc_row unlock_row_content=&#8221;yes&#8221; row_height_percent=&#8221;100&#8243; override_padding=&#8221;yes&#8221; h_padding=&#8221;5&#8243; top_padding=&#8221;2&#8243; bottom_padding=&#8221;2&#8243; back_color=&#8221;color-iopl&#8221; overlay_alpha=&#8221;50&#8243; equal_height=&#8221;yes&#8221; gutter_size=&#8221;0&#8243; column_width_percent=&#8221;100&#8243; shift_y=&#8221;0&#8243; z_index=&#8221;0&#8243; row_name=&#8221;Entradas&#8221;][vc_column column_width_percent=&#8221;65&#8243; align_horizontal=&#8221;align_center&#8221; gutter_size=&#8221;3&#8243; override_padding=&#8221;yes&#8221; column_padding=&#8221;2&#8243;<\/p>\n","protected":false},"author":2,"featured_media":0,"parent":0,"menu_order":0,"comment_status":"closed","ping_status":"closed","template":"","meta":{"footnotes":""},"class_list":["post-467761","page","type-page","status-publish","hentry"],"_links":{"self":[{"href":"https:\/\/campanopolis.com.ar\/pt-br\/wp-json\/wp\/v2\/pages\/467761","targetHints":{"allow":["GET"]}}],"collection":[{"href":"https:\/\/campanopolis.com.ar\/pt-br\/wp-json\/wp\/v2\/pages"}],"about":[{"href":"https:\/\/campanopolis.com.ar\/pt-br\/wp-json\/wp\/v2\/types\/page"}],"author":[{"embeddable":true,"href":"https:\/\/campanopolis.com.ar\/pt-br\/wp-json\/wp\/v2\/users\/2"}],"replies":[{"embeddable":true,"href":"https:\/\/campanopolis.com.ar\/pt-br\/wp-json\/wp\/v2\/comments?post=467761"}],"version-history":[{"count":5,"href":"https:\/\/campanopolis.com.ar\/pt-br\/wp-json\/wp\/v2\/pages\/467761\/revisions"}],"predecessor-version":[{"id":467777,"href":"https:\/\/campanopolis.com.ar\/pt-br\/wp-json\/wp\/v2\/pages\/467761\/revisions\/467777"}],"wp:attachment":[{"href":"https:\/\/campanopolis.com.ar\/pt-br\/wp-json\/wp\/v2\/media?parent=467761"}],"curies":[{"name":"wp","href":"https:\/\/api.w.org\/{rel}","templated":true}]}}