{"id":467679,"date":"2015-08-27T15:27:28","date_gmt":"2015-08-27T18:27:28","guid":{"rendered":"https:\/\/campanopolis.com.ar\/visitas-guiadas-privadas\/"},"modified":"2025-02-28T10:39:34","modified_gmt":"2025-02-28T13:39:34","slug":"visitas-guiadas-privadas","status":"publish","type":"page","link":"https:\/\/campanopolis.com.ar\/pt-br\/visitas-guiadas-privadas\/","title":{"rendered":"Visitas Guiadas Privadas"},"content":{"rendered":"<div class=\"wpb-content-wrapper\"><p>[vc_row unlock_row_content=&#8221;yes&#8221; row_height_percent=&#8221;80&#8243; override_padding=&#8221;yes&#8221; h_padding=&#8221;5&#8243; top_padding=&#8221;2&#8243; bottom_padding=&#8221;2&#8243; back_color=&#8221;color-dfgh&#8221; overlay_alpha=&#8221;50&#8243; equal_height=&#8221;yes&#8221; gutter_size=&#8221;0&#8243; column_width_percent=&#8221;100&#8243; shift_y=&#8221;0&#8243; z_index=&#8221;0&#8243; row_name=&#8221;Entradas&#8221;][vc_column column_width_percent=&#8221;65&#8243; align_horizontal=&#8221;align_center&#8221; gutter_size=&#8221;3&#8243; override_padding=&#8221;yes&#8221; column_padding=&#8221;2&#8243; overlay_alpha=&#8221;50&#8243; shift_x=&#8221;0&#8243; shift_y=&#8221;0&#8243; z_index=&#8221;0&#8243; medium_width=&#8221;0&#8243; mobile_width=&#8221;0&#8243; width=&#8221;1\/1&#8243;][vc_custom_heading text_color=&#8221;color-xsdn&#8221; heading_semantic=&#8221;h1&#8243; text_font=&#8221;font-164793&#8243; text_size=&#8221;h1&#8243; text_weight=&#8221;400&#8243; el_class=&#8221;Aviso&#8221; uncode_shortcode_id=&#8221;705234&#8243; text_color_type=&#8221;uncode-palette&#8221;]Visitas Guiadas Privadas<\/p>\n<p>[\/vc_custom_heading][vc_custom_heading text_color=&#8221;color-xsdn&#8221; heading_semantic=&#8221;h1&#8243; text_font=&#8221;font-164793&#8243; text_size=&#8221;h1&#8243; text_weight=&#8221;400&#8243; el_class=&#8221;Aviso&#8221; uncode_shortcode_id=&#8221;649899&#8243; text_color_type=&#8221;uncode-palette&#8221;]Hor\u00e1rios<\/p>\n<p>[\/vc_custom_heading][vc_custom_heading text_color=&#8221;color-xsdn&#8221; text_font=&#8221;font-164793&#8243; text_weight=&#8221;400&#8243; el_class=&#8221;Aviso&#8221; uncode_shortcode_id=&#8221;207798&#8243; text_color_type=&#8221;uncode-palette&#8221;]<\/p>\n<div><strong>Turno de manh\u00e3:<\/strong><\/div>\n<div>Entrada 09:00hs \/ Encerramento 13:00hs.<\/div>\n<div><\/div>\n<div><strong>Turno tarde:<\/strong><\/div>\n<div>Entrada 13:00hs \/ Encerramento 17:00hs.<\/div>\n<p>[\/vc_custom_heading][vc_custom_heading text_color=&#8221;color-xsdn&#8221; heading_semantic=&#8221;h1&#8243; text_font=&#8221;font-164793&#8243; text_size=&#8221;h1&#8243; text_weight=&#8221;400&#8243; el_class=&#8221;Aviso&#8221;]Pre\u00e7os[\/vc_custom_heading][vc_custom_heading text_color=&#8221;color-xsdn&#8221; text_font=&#8221;font-164793&#8243; text_weight=&#8221;400&#8243; el_class=&#8221;Aviso&#8221; uncode_shortcode_id=&#8221;334947&#8243; text_color_type=&#8221;uncode-palette&#8221;]<strong><u>Visitas:<\/u><\/strong><br \/>\nAdmiss\u00e3o geral: $15.000<br \/>\n<em>( Adultos y Menores)<\/em><br \/>\nCrian\u00e7as menores de 2 anos: Gratis.<br \/>\nAposentados: $15.000<\/p>\n<p>Com certificado de defici\u00eancia: Gratis<br \/>\n(Companheiro: $15.000) <strong>*<\/strong><\/p>\n<p>&nbsp;<\/p>\n<p>&nbsp;<\/p>\n<p>[\/vc_custom_heading][vc_column_text text_lead=&#8221;small&#8221; text_color=&#8221;color-lxmt&#8221; uncode_shortcode_id=&#8221;968575&#8243; text_color_type=&#8221;uncode-palette&#8221;]<\/p>\n<p style=\"text-align: center;\">(*) <em>O acesso gratuito \u00e9 estendido a 1 (um) acompanhante quando o certificado de defici\u00eancia inclui o credenciamento de tal requisito.<\/em><\/p>\n<p>As visitas s\u00e3o apenas guiadas e n\u00e3o est\u00e3o suspensas devido \u00e0 chuva.<\/p>\n<p>Os ingressos podem ser remarcados uma \u00fanica vez, at\u00e9 30 dias ap\u00f3s o data da compra e com 24 horas de anteced\u00eancia, at\u00e9 a data desejada.<\/p>\n<p>Estacionamento gratuito dentro das instala\u00e7\u00f5es.[\/vc_column_text][vc_button button_color=&#8221;color-iopl&#8221; size=&#8221;btn-lg&#8221; radius=&#8221;btn-default-shape&#8221; border_animation=&#8221;btn-ripple-out&#8221; hover_fx=&#8221;outlined&#8221; shadow=&#8221;yes&#8221; border_width=&#8221;0&#8243; css_animation=&#8221;zoom-in&#8221; link=&#8221;url:http%3A%2F%2Fcampanopolis.com.ar%2Fpt-br%2Fvisita-guida-y-turismo%2Ffechas-disponibles%2F|&#8221; button_color_type=&#8221;uncode-palette&#8221; uncode_shortcode_id=&#8221;214078&#8243; icon=&#8221;fa fa-ticket&#8221;]Compre Ingressos Na Loja Oficial[\/vc_button][vc_raw_html]PGltZyB0aXRsZT0iTWVyY2FkbyBQYWdvIC0gTWVkaW9zIGRlIHBhZ28iIHNyYz0iaHR0cHM6Ly9pbWdtcC5tbHN0YXRpYy5jb20vb3JnLWltZy9iYW5uZXJzL2FyL21lZGlvcy80NjhYNjAuanBnIiBhbHQ9Ik1lcmNhZG8gUGFnbyAtIE1lZGlvcyBkZSBwYWdvIiB3aWR0aD0iNDY4IiBoZWlnaHQ9IjYwIiAvPg==[\/vc_raw_html][\/vc_column][\/vc_row][vc_row unlock_row_content=&#8221;yes&#8221; row_height_percent=&#8221;0&#8243; back_color=&#8221;color-iopl&#8221; overlay_alpha=&#8221;50&#8243; equal_height=&#8221;yes&#8221; gutter_size=&#8221;0&#8243; column_width_percent=&#8221;100&#8243; shift_y=&#8221;0&#8243; z_index=&#8221;0&#8243; row_name=&#8221;Campanopolis&#8221; uncode_shortcode_id=&#8221;187228&#8243; back_color_type=&#8221;uncode-palette&#8221;][vc_column column_width_percent=&#8221;65&#8243; align_horizontal=&#8221;align_center&#8221; gutter_size=&#8221;3&#8243; override_padding=&#8221;yes&#8221; column_padding=&#8221;2&#8243; overlay_alpha=&#8221;50&#8243; shift_x=&#8221;0&#8243; shift_y=&#8221;0&#8243; z_index=&#8221;0&#8243; medium_width=&#8221;0&#8243; mobile_width=&#8221;0&#8243; width=&#8221;1\/1&#8243;][vc_custom_heading text_color=&#8221;color-prif&#8221; text_font=&#8221;font-164793&#8243; text_weight=&#8221;400&#8243; css_animation=&#8221;zoom-in&#8221; animation_delay=&#8221;400&#8243; uncode_shortcode_id=&#8221;118913&#8243; text_color_type=&#8221;uncode-palette&#8221;]Nasceu das demoli\u00e7\u00f5es, da criatividade e dos sonhos de um homem, <strong>Don Antonio Campana<\/strong>. Com reminisc\u00eancias medievais, em <strong>Gonz\u00e1lez Cat\u00e1n<\/strong> ergue-se a cidade mais inusitada do mundo reciclagem da Argentina e seus arredores, a apenas <strong>45 minutos<\/strong> da cidade de Buenos Aires.<\/p>\n<p>Visitar a vila de <strong>Campan\u00f3polis<\/strong> \u00e9 uma experi\u00eancia museol\u00f3gica transcendental, que pretende todas as idades e todas as pessoas que desejam se conectar com a natureza e criatividade.[\/vc_custom_heading][\/vc_column][\/vc_row][vc_row row_height_percent=&#8221;85&#8243; override_padding=&#8221;yes&#8221; h_padding=&#8221;3&#8243; top_padding=&#8221;3&#8243; bottom_padding=&#8221;3&#8243; back_color=&#8221;color-prif&#8221; overlay_alpha=&#8221;85&#8243; gutter_size=&#8221;3&#8243; column_width_percent=&#8221;100&#8243; shift_y=&#8221;0&#8243; z_index=&#8221;0&#8243; row_name=&#8221;Visita guiada&#8221;][vc_column column_width_percent=&#8221;65&#8243; align_horizontal=&#8221;align_center&#8221; gutter_size=&#8221;3&#8243; overlay_alpha=&#8221;50&#8243; shift_x=&#8221;0&#8243; shift_y=&#8221;0&#8243; z_index=&#8221;0&#8243; medium_width=&#8221;0&#8243; mobile_width=&#8221;0&#8243; width=&#8221;1\/1&#8243;][vc_custom_heading text_color=&#8221;color-xsdn&#8221; heading_semantic=&#8221;h1&#8243; text_font=&#8221;font-164793&#8243; text_size=&#8221;h1&#8243; text_weight=&#8221;400&#8243; css_animation=&#8221;zoom-in&#8221; animation_delay=&#8221;200&#8243; el_class=&#8221;Aviso&#8221;]Informa\u00e7\u00f5es sobre a visita guiada[\/vc_custom_heading][vc_custom_heading text_color=&#8221;color-xsdn&#8221; text_font=&#8221;font-164793&#8243; text_weight=&#8221;400&#8243; css_animation=&#8221;alpha-anim&#8221; animation_delay=&#8221;100&#8243; uncode_shortcode_id=&#8221;165584&#8243; text_color_type=&#8221;uncode-palette&#8221;]O passeio consiste em fazer uma visita guiada de aproximadamente uma hora e meia com o objetivo de explicar a hist\u00f3ria, a constru\u00e7\u00e3o, o cuidado com a ecologia e o meio ambiente ambiente de aldeia h\u00e1 quase 45 anos. Inclui visitas ao interior dos edif\u00edcios e museus, desde que autorizado pela equipe da propriedade. A rota \u00e9 de baixa dificuldade e adaptado a todos os p\u00fablicos.[\/vc_custom_heading][vc_custom_heading text_color=&#8221;color-xsdn&#8221; text_font=&#8221;font-164793&#8243; text_weight=&#8221;400&#8243; css_animation=&#8221;alpha-anim&#8221; animation_delay=&#8221;100&#8243; uncode_shortcode_id=&#8221;429053&#8243; text_color_type=&#8221;uncode-palette&#8221;]No resto do tempo ap\u00f3s a visita guiada, voc\u00ea poder\u00e1 passear e desfrutar da propriedade, fa\u00e7a um simples piquenique, tire fotografias apenas para fins tur\u00edsticos e recreativos. Est\u00e1 dias proibidos de visitas guiadas para realiza\u00e7\u00e3o de produ\u00e7\u00f5es fotogr\u00e1ficas com fins comerciais ou social ou com fantasias. Ver fotos e v\u00eddeos sociais. \u00a0<span style=\"color: #00a885;\"><a style=\"color: #00a885;\" href=\"https:\/\/campanopolis.com.ar\/foto-social-y-video\/\">Ver Fotos e v\u00eddeos sociais.<\/a><\/span><\/p>\n<p>[\/vc_custom_heading][vc_custom_heading text_color=&#8221;color-xsdn&#8221; text_font=&#8221;font-164793&#8243; text_weight=&#8221;400&#8243; css_animation=&#8221;alpha-anim&#8221; animation_delay=&#8221;100&#8243; uncode_shortcode_id=&#8221;102108&#8243; text_color_type=&#8221;uncode-palette&#8221;]A propriedade possui um mini mercado com variedade de sandu\u00edches, cachorros-quentes, empanadas, pizzas, wraps, bolos, entre outras coisas, loja de souvenirs, ponto de recarga de celulares, bancos localizados no exterior e cadeiras no exterior e no interior. <span style=\"color: #00a885;\"><a style=\"color: #00a885;\" href=\"https:\/\/campanopolis.com.ar\/pt-br\/visitas-guiadas-particulares\/fechas-disponibles\/\">Veja datas e hor\u00e1rios dispon\u00edveis.<\/a><\/span><\/p>\n<p>&nbsp;<\/p>\n<p>[\/vc_custom_heading][vc_custom_heading text_color=&#8221;color-xsdn&#8221; text_font=&#8221;font-164793&#8243; text_weight=&#8221;400&#8243; css_animation=&#8221;alpha-anim&#8221; animation_delay=&#8221;100&#8243; uncode_shortcode_id=&#8221;638432&#8243; text_color_type=&#8221;uncode-palette&#8221;]NOSSO HOR\u00c1RIO TELEF\u00d4NICO E ADMINISTRATIVO \u00c9 DE SEGUNDA A SEXTAS-FEIRAS DAS 9H \u00c0S 17H. (DIAS \u00daTEIS)<\/p>\n<p>[\/vc_custom_heading][\/vc_column][\/vc_row]<\/p>\n<\/div>","protected":false},"excerpt":{"rendered":"<p>[vc_row unlock_row_content=&#8221;yes&#8221; row_height_percent=&#8221;80&#8243; override_padding=&#8221;yes&#8221; h_padding=&#8221;5&#8243; top_padding=&#8221;2&#8243; bottom_padding=&#8221;2&#8243; back_color=&#8221;color-dfgh&#8221; overlay_alpha=&#8221;50&#8243; equal_height=&#8221;yes&#8221; gutter_size=&#8221;0&#8243; column_width_percent=&#8221;100&#8243; shift_y=&#8221;0&#8243; z_index=&#8221;0&#8243; row_name=&#8221;Entradas&#8221;][vc_column column_width_percent=&#8221;65&#8243; align_horizontal=&#8221;align_center&#8221; gutter_size=&#8221;3&#8243; override_padding=&#8221;yes&#8221; column_padding=&#8221;2&#8243;<\/p>\n","protected":false},"author":2,"featured_media":0,"parent":0,"menu_order":0,"comment_status":"closed","ping_status":"closed","template":"","meta":{"footnotes":""},"class_list":["post-467679","page","type-page","status-publish","hentry"],"_links":{"self":[{"href":"https:\/\/campanopolis.com.ar\/pt-br\/wp-json\/wp\/v2\/pages\/467679","targetHints":{"allow":["GET"]}}],"collection":[{"href":"https:\/\/campanopolis.com.ar\/pt-br\/wp-json\/wp\/v2\/pages"}],"about":[{"href":"https:\/\/campanopolis.com.ar\/pt-br\/wp-json\/wp\/v2\/types\/page"}],"author":[{"embeddable":true,"href":"https:\/\/campanopolis.com.ar\/pt-br\/wp-json\/wp\/v2\/users\/2"}],"replies":[{"embeddable":true,"href":"https:\/\/campanopolis.com.ar\/pt-br\/wp-json\/wp\/v2\/comments?post=467679"}],"version-history":[{"count":5,"href":"https:\/\/campanopolis.com.ar\/pt-br\/wp-json\/wp\/v2\/pages\/467679\/revisions"}],"predecessor-version":[{"id":467684,"href":"https:\/\/campanopolis.com.ar\/pt-br\/wp-json\/wp\/v2\/pages\/467679\/revisions\/467684"}],"wp:attachment":[{"href":"https:\/\/campanopolis.com.ar\/pt-br\/wp-json\/wp\/v2\/media?parent=467679"}],"curies":[{"name":"wp","href":"https:\/\/api.w.org\/{rel}","templated":true}]}}