{"id":467651,"date":"2017-08-14T18:17:54","date_gmt":"2017-08-14T21:17:54","guid":{"rendered":"https:\/\/campanopolis.com.ar\/nossa-comunidade\/"},"modified":"2025-02-28T10:02:16","modified_gmt":"2025-02-28T13:02:16","slug":"nossa-comunidade","status":"publish","type":"page","link":"https:\/\/campanopolis.com.ar\/pt-br\/nossa-comunidade\/","title":{"rendered":"Nossa comunidade"},"content":{"rendered":"<div class=\"wpb-content-wrapper\"><p>[vc_row unlock_row_content=&#8221;yes&#8221; row_height_percent=&#8221;0&#8243; override_padding=&#8221;yes&#8221; h_padding=&#8221;5&#8243; top_padding=&#8221;2&#8243; bottom_padding=&#8221;3&#8243; back_color=&#8221;color-zsdf&#8221; overlay_alpha=&#8221;50&#8243; equal_height=&#8221;yes&#8221; gutter_size=&#8221;0&#8243; shift_y=&#8221;0&#8243; row_name=&#8221;Campanopolis&#8221; css=&#8221;.vc_custom_1502745950144{padding-bottom: 0px !important;}&#8221;][vc_column column_width_percent=&#8221;65&#8243; align_horizontal=&#8221;align_center&#8221; gutter_size=&#8221;3&#8243; override_padding=&#8221;yes&#8221; column_padding=&#8221;2&#8243; overlay_alpha=&#8221;50&#8243; shift_x=&#8221;0&#8243; shift_y=&#8221;0&#8243; z_index=&#8221;0&#8243; medium_width=&#8221;0&#8243; mobile_width=&#8221;0&#8243; width=&#8221;1\/1&#8243;][vc_custom_heading text_color=&#8221;color-xsdn&#8221; heading_semantic=&#8221;h1&#8243; text_font=&#8221;font-164793&#8243; text_size=&#8221;h1&#8243; text_weight=&#8221;400&#8243; css_animation=&#8221;zoom-in&#8221; animation_delay=&#8221;400&#8243; el_class=&#8221;Aviso&#8221; uncode_shortcode_id=&#8221;222433&#8243; text_color_type=&#8221;uncode-palette&#8221;]Homenagem ao Prof. Corso<\/p>\n<p>[\/vc_custom_heading][vc_custom_heading text_color=&#8221;color-prif&#8221; text_font=&#8221;font-164793&#8243; text_weight=&#8221;400&#8243; css_animation=&#8221;zoom-in&#8221; animation_delay=&#8221;400&#8243; uncode_shortcode_id=&#8221;682268&#8243; text_color_type=&#8221;uncode-palette&#8221;]Fiel amigo e companheiro de Don Antonio Campana, o Historiador Matancero Professor Don Alfonso Corso foi quem batizou o nome de Campan\u00f3polis ou cidade dos sinos.<\/p>\n<p>[\/vc_custom_heading][vc_custom_heading text_color=&#8221;color-prif&#8221; text_font=&#8221;font-164793&#8243; text_weight=&#8221;400&#8243; css_animation=&#8221;zoom-in&#8221; animation_delay=&#8221;400&#8243;]Empreendedor, al\u00e9m de realizar diversos projetos de pesquisa hist\u00f3rica na aldeia, dizem que quando uma \u00e1rvore sai do p\u00e1tio da fam\u00edlia, deixa para tr\u00e1s um grande v\u00e3o de luz. Para quem n\u00e3o compartilhou nada com ele, simplesmente n\u00e3o h\u00e1 nada l\u00e1. Por outro lado, para aqueles que abrigado em sua sombra ou compartilhado sua presen\u00e7a rica em lembran\u00e7as, aquela lacuna no c\u00e9u aberto torna-se presente novamente a cada amanhecer&#8230; Ningu\u00e9m \u00e9 substitu\u00eddo. Mist\u00e9rio pessoal \u00e9 irrepet\u00edvel. Mas o que se soube entregar, isso dura, porque Deus \u00e9 fiel com os seus amigos.[\/vc_custom_heading][\/vc_column][\/vc_row][vc_row unlock_row_content=&#8221;yes&#8221; row_height_percent=&#8221;0&#8243; override_padding=&#8221;yes&#8221; h_padding=&#8221;5&#8243; top_padding=&#8221;2&#8243; bottom_padding=&#8221;3&#8243; back_color=&#8221;color-zsdf&#8221; overlay_color=&#8221;color-prif&#8221; overlay_alpha=&#8221;20&#8243; equal_height=&#8221;yes&#8221; gutter_size=&#8221;0&#8243; shift_y=&#8221;0&#8243; row_name=&#8221;Campanopolis&#8221; css=&#8221;.vc_custom_1502746056007{padding-bottom: 0px !important;}&#8221;][vc_column column_width_percent=&#8221;65&#8243; align_horizontal=&#8221;align_center&#8221; gutter_size=&#8221;3&#8243; override_padding=&#8221;yes&#8221; column_padding=&#8221;2&#8243; overlay_alpha=&#8221;50&#8243; shift_x=&#8221;0&#8243; shift_y=&#8221;0&#8243; z_index=&#8221;0&#8243; medium_width=&#8221;0&#8243; mobile_width=&#8221;0&#8243; width=&#8221;1\/1&#8243;][vc_custom_heading text_color=&#8221;color-xsdn&#8221; heading_semantic=&#8221;h1&#8243; text_font=&#8221;font-164793&#8243; text_size=&#8221;h1&#8243; text_weight=&#8221;400&#8243; css_animation=&#8221;zoom-in&#8221; animation_delay=&#8221;400&#8243; el_class=&#8221;Aviso&#8221;]Visitas[\/vc_custom_heading][vc_custom_heading text_color=&#8221;color-prif&#8221; text_font=&#8221;font-164793&#8243; text_weight=&#8221;400&#8243; css_animation=&#8221;zoom-in&#8221; animation_delay=&#8221;400&#8243;]Durante os quase 40 anos de exist\u00eancia desta vila, Campan\u00f3polis visitas sempre foram solicitadas por diversas entidades, escolas, associa\u00e7\u00f5es, amigos, funda\u00e7\u00f5es, grupos de arte e fotografia, par\u00f3quias, grupos de a\u00e7\u00e3o social entre outros.[\/vc_custom_heading][vc_custom_heading text_color=&#8221;color-xsdn&#8221; text_font=&#8221;font-164793&#8243; text_weight=&#8221;400&#8243; css_animation=&#8221;zoom-in&#8221; animation_delay=&#8221;400&#8243;]Algunas visitas foram:<\/p>\n<ul>\n<li>Obra de Padre Mario Pantaleo<\/li>\n<li>Museo hist\u00f3rico de La Matanza<\/li>\n<li>Congregaci\u00f3n Hermanas Enfermeras de la Virgen dolorosa<\/li>\n<li>Asociaci\u00f3n FINTECO<\/li>\n<li>UNUC Hogar y Centro de d\u00eda color esperanza<\/li>\n<li>EL ACONTECER. Dirigido por el Profesor Miguel Angel Materazzi<\/li>\n<li>Municipalidad de la Matanza.<\/li>\n<li>Embajada de la India<\/li>\n<li>C\u00edrculo Argentino de Cacer\u00edas H\u00edpicas<\/li>\n<li>Centro de ex Combatientes de Malvinas<\/li>\n<li>Defensor\u00eda del pueblo, La Matanza, Pcia de Tucum\u00e1n<\/li>\n<li>Diveros Colegios primarios y Secundarios de La Matanza<\/li>\n<li>Caritas San Justo<\/li>\n<li>Diversas Galer\u00edas de Agrupaciones de Fot\u00f3grafos.<\/li>\n<li>Fund. para la Investigaci\u00f3n Interdisciplinar de la Comunicaci\u00f3n (Salud Mental)<\/li>\n<li>Polic\u00eda Bonaerense<\/li>\n<li>Gobierno de la Ciudad de Bs As (Hospital Jos\u00e9 T Borda)<\/li>\n<li>AARDEC<\/li>\n<li>Asociaci\u00f3n Argentina del Deporte Para Ciegos<\/li>\n<li>Rotary Internacional<\/li>\n<li>Rotary Club Gonz\u00e1lez Cat\u00e1n<\/li>\n<li>Fuerza A\u00e9rea Argentina (Estado Mayor General)<\/li>\n<li>Asociaci\u00f3n Mundial de Psiquiatr\u00eda<\/li>\n<li>Polic\u00eda Federal Argentina<\/li>\n<li>Secretar\u00eda de Turismo de la Naci\u00f3n<\/li>\n<li>Fundaci\u00f3n Padre Mario Pantaleo<\/li>\n<li>Parroquia San Jos\u00e9 G Cat\u00e1n<\/li>\n<li>Comisi\u00f3n Nacional de Energ\u00eda At\u00f3mica<\/li>\n<li>Argentinisches Tageblatt<\/li>\n<li>Ministerio de Educaci\u00f3n y Justicia de la Matanza<\/li>\n<li>Centro Studi Meridionali<\/li>\n<li>CNN Internacional<\/li>\n<li>Revistas y Diarios de diversos medios<\/li>\n<li>Ricardo Montaner Producciones<\/li>\n<li>Club Mini Cuper Argentina<\/li>\n<li>Rotary Club Chile, Lugano, Gonz\u00e1lez Cat\u00e1n, I. Casanova<\/li>\n<li>Carburando TV<\/li>\n<li>Colectividad Eslovenia<\/li>\n<li>Museo Hist\u00f3rico Don Juan Manuel De Rosas<\/li>\n<\/ul>\n<p>[\/vc_custom_heading][\/vc_column][\/vc_row]<\/p>\n<\/div>","protected":false},"excerpt":{"rendered":"<p>[vc_row unlock_row_content=&#8221;yes&#8221; row_height_percent=&#8221;0&#8243; override_padding=&#8221;yes&#8221; h_padding=&#8221;5&#8243; top_padding=&#8221;2&#8243; bottom_padding=&#8221;3&#8243; back_color=&#8221;color-zsdf&#8221; overlay_alpha=&#8221;50&#8243; equal_height=&#8221;yes&#8221; gutter_size=&#8221;0&#8243; shift_y=&#8221;0&#8243; row_name=&#8221;Campanopolis&#8221; css=&#8221;.vc_custom_1502745950144{padding-bottom: 0px !important;}&#8221;][vc_column column_width_percent=&#8221;65&#8243; align_horizontal=&#8221;align_center&#8221; gutter_size=&#8221;3&#8243; override_padding=&#8221;yes&#8221;<\/p>\n","protected":false},"author":2,"featured_media":0,"parent":0,"menu_order":0,"comment_status":"closed","ping_status":"closed","template":"","meta":{"footnotes":""},"class_list":["post-467651","page","type-page","status-publish","hentry"],"_links":{"self":[{"href":"https:\/\/campanopolis.com.ar\/pt-br\/wp-json\/wp\/v2\/pages\/467651","targetHints":{"allow":["GET"]}}],"collection":[{"href":"https:\/\/campanopolis.com.ar\/pt-br\/wp-json\/wp\/v2\/pages"}],"about":[{"href":"https:\/\/campanopolis.com.ar\/pt-br\/wp-json\/wp\/v2\/types\/page"}],"author":[{"embeddable":true,"href":"https:\/\/campanopolis.com.ar\/pt-br\/wp-json\/wp\/v2\/users\/2"}],"replies":[{"embeddable":true,"href":"https:\/\/campanopolis.com.ar\/pt-br\/wp-json\/wp\/v2\/comments?post=467651"}],"version-history":[{"count":2,"href":"https:\/\/campanopolis.com.ar\/pt-br\/wp-json\/wp\/v2\/pages\/467651\/revisions"}],"predecessor-version":[{"id":467653,"href":"https:\/\/campanopolis.com.ar\/pt-br\/wp-json\/wp\/v2\/pages\/467651\/revisions\/467653"}],"wp:attachment":[{"href":"https:\/\/campanopolis.com.ar\/pt-br\/wp-json\/wp\/v2\/media?parent=467651"}],"curies":[{"name":"wp","href":"https:\/\/api.w.org\/{rel}","templated":true}]}}