{"id":467606,"date":"2016-02-18T18:57:03","date_gmt":"2016-02-18T21:57:03","guid":{"rendered":"https:\/\/campanopolis.com.ar\/home\/"},"modified":"2025-02-27T21:37:41","modified_gmt":"2025-02-28T00:37:41","slug":"home","status":"publish","type":"page","link":"https:\/\/campanopolis.com.ar\/pt-br\/","title":{"rendered":"Home"},"content":{"rendered":"<div class=\"wpb-content-wrapper\"><p>[vc_row row_height_percent=&#8221;0&#8243; override_padding=&#8221;yes&#8221; h_padding=&#8221;1&#8243; top_padding=&#8221;3&#8243; bottom_padding=&#8221;3&#8243; back_color=&#8221;color-prif&#8221; overlay_alpha=&#8221;85&#8243; gutter_size=&#8221;0&#8243; shift_y=&#8221;0&#8243;][vc_column column_width_percent=&#8221;100&#8243; position_vertical=&#8221;middle&#8221; align_horizontal=&#8221;align_center&#8221; gutter_size=&#8221;3&#8243; override_padding=&#8221;yes&#8221; column_padding=&#8221;2&#8243; overlay_alpha=&#8221;50&#8243; shift_x=&#8221;0&#8243; shift_y=&#8221;0&#8243; z_index=&#8221;0&#8243; medium_width=&#8221;0&#8243; mobile_width=&#8221;0&#8243; css_animation=&#8221;alpha-anim&#8221; animation_delay=&#8221;400&#8243; width=&#8221;1\/1&#8243;][vc_custom_heading text_color=&#8221;color-xsdn&#8221; heading_semantic=&#8221;h3&#8243; text_size=&#8221;h1&#8243; text_weight=&#8221;200&#8243; css_animation=&#8221;zoom-in&#8221; animation_delay=&#8221;200&#8243;]Costuma-se dizer que quando uma pessoa tem sonhos e a decis\u00e3o de realiz\u00e1-los, o impossivel se tornar realidade. A vontade do ser humano \u00e9 a maior for\u00e7a motriz. De todos os exemplos que os ilustram s\u00e3o muitos e por toda parte, Campan\u00f3polis \u00e9 um deles.<\/p>\n<p>[\/vc_custom_heading][vc_custom_heading text_color=&#8221;color-xsdn&#8221; heading_semantic=&#8221;h3&#8243; text_size=&#8221;h1&#8243; text_weight=&#8221;200&#8243; css_animation=&#8221;zoom-in&#8221; animation_delay=&#8221;200&#8243;]Uma aldeia de estilo medieval que fica numa propriedade de 200 hectares a oeste da grande Buenos Aires, fruto da vis\u00e3o de um homem sem nenhum estudo arquitet\u00f4nico,\u00a0mas com p\u00f3s-gradua\u00e7\u00e3o em imagina\u00e7\u00e3o.<\/p>\n<p>[\/vc_custom_heading][\/vc_column][\/vc_row][vc_row unlock_row_content=&#8221;yes&#8221; row_height_percent=&#8221;100&#8243; override_padding=&#8221;yes&#8221; h_padding=&#8221;0&#8243; top_padding=&#8221;3&#8243; bottom_padding=&#8221;3&#8243; back_color=&#8221;color-wayh&#8221; back_image=&#8221;57107&#8243; back_position=&#8221;center bottom&#8221; overlay_color=&#8221;color-rgdb&#8221; overlay_alpha=&#8221;65&#8243; gutter_size=&#8221;3&#8243; shift_y=&#8221;0&#8243; parallax=&#8221;yes&#8221; row_height_pixel=&#8221;280&#8243; row_name=&#8221;Visitas Guiadas&#8221;][vc_column column_width_percent=&#8221;100&#8243; position_vertical=&#8221;middle&#8221; align_horizontal=&#8221;align_center&#8221; gutter_size=&#8221;2&#8243; style=&#8221;dark&#8221; overlay_alpha=&#8221;4&#8243; shift_x=&#8221;0&#8243; shift_y=&#8221;0&#8243; z_index=&#8221;0&#8243; medium_width=&#8221;0&#8243; width=&#8221;1\/1&#8243;][vc_row_inner row_inner_height_percent=&#8221;100&#8243; overlay_alpha=&#8221;50&#8243; gutter_size=&#8221;3&#8243; shift_y=&#8221;0&#8243;][vc_column_inner column_width_percent=&#8221;100&#8243; position_vertical=&#8221;middle&#8221; align_horizontal=&#8221;align_center&#8221; gutter_size=&#8221;3&#8243; override_padding=&#8221;yes&#8221; column_padding=&#8221;4&#8243; expand_height=&#8221;yes&#8221; style=&#8221;dark&#8221; overlay_alpha=&#8221;50&#8243; shift_x=&#8221;0&#8243; shift_y=&#8221;0&#8243; z_index=&#8221;0&#8243; medium_width=&#8221;0&#8243; mobile_width=&#8221;0&#8243; width=&#8221;1\/1&#8243; css=&#8221;.vc_custom_1501340591252{padding-top: 13% !important;}&#8221;][vc_custom_heading text_color=&#8221;color-xsdn&#8221; heading_semantic=&#8221;h1&#8243; text_font=&#8221;font-164793&#8243; text_size=&#8221;h1&#8243; text_weight=&#8221;400&#8243; css_animation=&#8221;alpha-anim&#8221; animation_delay=&#8221;200&#8243; el_class=&#8221;TIT&#8221;]Venha nos visitar com sua fam\u00edlia e amigos!<\/p>\n<p>[\/vc_custom_heading]<a href=\"https:\/\/campanopolis.com.ar\/pt-br\/visitas-guiadas-particulares\/\" title=\"\"  data-id=\"mpc_button-2969e15f00bf22d\" class=\"mpc-button mpc-init mpc-transition mpc-animation mpc-typography--default \"  data-animation-in=\"transition.fadeIn||300||300||80\"><div class=\"mpc-button__content mpc-effect-type--stay mpc-effect-side--left\"><i class=\"mpc-button__icon mpc-transition  fa fa-ticket\"><\/i><span class=\"mpc-button__title mpc-transition\">Visitas Guiadas<\/span><\/div><div class=\"mpc-button__background mpc-transition mpc-effect-type--slide mpc-effect-side--top\"><\/div><\/a><a href=\"http:\/\/campanopolis.com.ar\/visitas-grupales\/\" title=\"\"  data-id=\"mpc_button-6769e15f00bf30a\" class=\"mpc-button mpc-init mpc-transition mpc-animation mpc-typography--default \"  data-animation-in=\"transition.fadeIn||300||400||90\"><div class=\"mpc-button__content mpc-effect-type--stay mpc-effect-side--left\"><i class=\"mpc-button__icon mpc-transition  fa fa-group\"><\/i><span class=\"mpc-button__title mpc-transition\">Visitas Grupales<\/span><\/div><div class=\"mpc-button__background mpc-transition mpc-effect-type--slide mpc-effect-side--top\"><\/div><\/a>[vc_raw_html]PGRpdiBpZD0iVEFfc29jaWFsQnV0dG9uQnViYmxlczY1NSIgY2xhc3M9IlRBX3NvY2lhbEJ1dHRvbkJ1YmJsZXMiPg0KPHVsIGlkPSJsWWt2RHlwdVJwa0EiIGNsYXNzPSJUQV9saW5rcyAwQ1VuZk8iPg0KPGxpIGlkPSJrWHZiZjc3IiBjbGFzcz0iNnBqWXFkNHEiPg0KPGEgdGFyZ2V0PSJfYmxhbmsiIGhyZWY9Imh0dHBzOi8vd3d3LnRyaXBhZHZpc29yLmNvbS5hci9BdHRyYWN0aW9uX1Jldmlldy1nNTg2NjEzNi1kMjMyMzg5My1SZXZpZXdzLUNhbXBhbm9wb2xpc19BbGRlYV9tZWRpZXZhbC1Hb256YWxlel9DYXRhbl9Qcm92aW5jZV9vZl9CdWVub3NfQWlyZXNfQ2VudHJhbF9BcmdlLmh0bWwiPjxpbWcgc3JjPSJodHRwczovL3d3dy50cmlwYWR2aXNvci5jb20uYXIvaW1nL2Nkc2kvaW1nMi9icmFuZGluZy9zb2NpYWxXaWRnZXQvMjB4MjhfZ3JlZW4tMjE2OTMtMi5wbmciLz48L2E+DQo8L2xpPg0KPC91bD4NCjwvZGl2Pg0KPHNjcmlwdCBzcmM9Imh0dHBzOi8vd3d3LmpzY2FjaGUuY29tL3dlanM\/d3R5cGU9c29jaWFsQnV0dG9uQnViYmxlcyZ1bmlxPTY1NSZsb2NhdGlvbklkPTIzMjM4OTMmY29sb3I9Z3JlZW4mc2l6ZT1yZWN0Jmxhbmc9ZXNfQVImZGlzcGxheV92ZXJzaW9uPTIiPjwvc2NyaXB0Pg0K[\/vc_raw_html]<a href=\"http:\/\/campanopolis.com.ar\/pt-br\/visitas-escolares\/\" title=\"\"  data-id=\"mpc_button-9069e15f00bf3b0\" class=\"mpc-button mpc-init mpc-transition mpc-animation \"  data-animation-in=\"transition.fadeIn||300||500||90\"><div class=\"mpc-button__content mpc-effect-type--stay mpc-effect-side--left\"><i class=\"mpc-button__icon mpc-transition  fa fa-leanpub\"><\/i><span class=\"mpc-button__title mpc-transition\">Visitas Escolares<\/span><\/div><div class=\"mpc-button__background mpc-transition mpc-effect-type--slide mpc-effect-side--top\"><\/div><\/a>[\/vc_column_inner][\/vc_row_inner][\/vc_column][\/vc_row][vc_row unlock_row_content=&#8221;yes&#8221; row_height_percent=&#8221;100&#8243; override_padding=&#8221;yes&#8221; h_padding=&#8221;0&#8243; top_padding=&#8221;2&#8243; bottom_padding=&#8221;2&#8243; back_color=&#8221;color-wayh&#8221; back_image=&#8221;57947&#8243; back_position=&#8221;center bottom&#8221; overlay_color=&#8221;color-rgdb&#8221; overlay_alpha=&#8221;65&#8243; gutter_size=&#8221;3&#8243; column_width_percent=&#8221;100&#8243; shift_y=&#8221;0&#8243; z_index=&#8221;0&#8243; parallax=&#8221;yes&#8221; row_height_pixel=&#8221;280&#8243; row_name=&#8221;Producciones&#8221;][vc_column column_width_percent=&#8221;100&#8243; position_vertical=&#8221;middle&#8221; align_horizontal=&#8221;align_center&#8221; gutter_size=&#8221;2&#8243; style=&#8221;dark&#8221; overlay_alpha=&#8221;4&#8243; shift_x=&#8221;0&#8243; shift_y=&#8221;0&#8243; z_index=&#8221;0&#8243; medium_width=&#8221;0&#8243; width=&#8221;1\/1&#8243;][vc_row_inner row_inner_height_percent=&#8221;100&#8243; overlay_alpha=&#8221;50&#8243; gutter_size=&#8221;3&#8243; shift_y=&#8221;0&#8243;][vc_column_inner column_width_percent=&#8221;100&#8243; position_vertical=&#8221;middle&#8221; align_horizontal=&#8221;align_center&#8221; gutter_size=&#8221;3&#8243; override_padding=&#8221;yes&#8221; column_padding=&#8221;4&#8243; expand_height=&#8221;yes&#8221; style=&#8221;dark&#8221; overlay_alpha=&#8221;50&#8243; shift_x=&#8221;0&#8243; shift_y=&#8221;0&#8243; z_index=&#8221;0&#8243; medium_width=&#8221;0&#8243; mobile_width=&#8221;0&#8243; width=&#8221;1\/1&#8243; css=&#8221;.vc_custom_1501340591252{padding-top: 13% !important;}&#8221;][vc_custom_heading text_color=&#8221;color-xsdn&#8221; heading_semantic=&#8221;h1&#8243; text_font=&#8221;font-164793&#8243; text_size=&#8221;h1&#8243; text_weight=&#8221;400&#8243; css_animation=&#8221;alpha-anim&#8221; animation_delay=&#8221;200&#8243; el_class=&#8221;TIT&#8221;]Campan\u00f3polis possui os mais diversos, ex\u00f3ticos e belos cen\u00e1rios para a realiza\u00e7\u00e3o de produ\u00e7\u00f5es sociais, comerciais e publicit\u00e1rias.<\/p>\n<p>[\/vc_custom_heading]<a href=\"http:\/\/campanopolis.com.ar\/pt-br\/foto-social-y-video\/\" title=\"\"  data-id=\"mpc_button-2669e15f00bf44a\" class=\"mpc-button mpc-init mpc-transition mpc-animation \"  data-animation-in=\"transition.fadeIn||300||500||100\"><div class=\"mpc-button__content mpc-effect-type--stay mpc-effect-side--left\"><i class=\"mpc-button__icon mpc-transition  fa fa-camera\"><\/i><span class=\"mpc-button__title mpc-transition\">FOTOGRAFIA SOCIAL E V\u00cdDEO<\/span><\/div><div class=\"mpc-button__background mpc-transition mpc-effect-type--slide mpc-effect-side--top\"><\/div><\/a><a href=\"http:\/\/campanopolis.com.ar\/pt-br\/producciones-comerciales\/\" title=\"\"  data-id=\"mpc_button-7869e15f00bf4c7\" class=\"mpc-button mpc-init mpc-transition mpc-animation \"  data-animation-in=\"transition.fadeIn||300||500||100\"><div class=\"mpc-button__content mpc-effect-type--stay mpc-effect-side--left\"><i class=\"mpc-button__icon mpc-transition  fa fa-video-camera\"><\/i><span class=\"mpc-button__title mpc-transition\">PRODU\u00c7\u00d5ES COMERCIAIS E PUBLICIT\u00c1RIAS<\/span><\/div><div class=\"mpc-button__background mpc-transition mpc-effect-type--slide mpc-effect-side--top\"><\/div><\/a>[\/vc_column_inner][\/vc_row_inner][\/vc_column][\/vc_row][vc_row row_height_percent=&#8221;0&#8243; override_padding=&#8221;yes&#8221; h_padding=&#8221;3&#8243; top_padding=&#8221;3&#8243; bottom_padding=&#8221;3&#8243; overlay_alpha=&#8221;100&#8243; gutter_size=&#8221;0&#8243; shift_y=&#8221;0&#8243;][vc_column column_width_use_pixel=&#8221;yes&#8221; align_horizontal=&#8221;align_center&#8221; gutter_size=&#8221;3&#8243; back_color=&#8221;color-xsdn&#8221; overlay_alpha=&#8221;100&#8243; shift_x=&#8221;0&#8243; shift_y=&#8221;0&#8243; z_index=&#8221;0&#8243; medium_width=&#8221;0&#8243; zoom_width=&#8221;0&#8243; zoom_height=&#8221;0&#8243; width=&#8221;1\/1&#8243;][vc_custom_heading text_color=&#8221;color-jevc&#8221; heading_semantic=&#8221;h3&#8243; text_font=&#8221;font-164793&#8243; text_size=&#8221;h3&#8243; text_weight=&#8221;400&#8243; css_animation=&#8221;alpha-anim&#8221; animation_delay=&#8221;200&#8243; el_class=&#8221;TIT&#8221;]Essas marcas optaram por produzir em Campan\u00f3polis.[\/vc_custom_heading][vc_gallery el_id=&#8221;gallery-85457&#8243; type=&#8221;carousel&#8221; medias=&#8221;57228,57229,57230,57231,57235,57237&#8243; carousel_lg=&#8221;4&#8243; carousel_md=&#8221;4&#8243; carousel_sm=&#8221;1&#8243; gutter_size=&#8221;4&#8243; media_items=&#8221;media|nolink|original,icon&#8221; carousel_interval=&#8221;3000&#8243; carousel_navspeed=&#8221;400&#8243; carousel_loop=&#8221;yes&#8221; stage_padding=&#8221;0&#8243; single_overlay_opacity=&#8221;50&#8243; single_overlay_anim=&#8221;no&#8221; single_text_anim=&#8221;no&#8221; single_image_anim=&#8221;no&#8221; single_padding=&#8221;2&#8243; single_border=&#8221;yes&#8221; single_css_animation=&#8221;zoom-in&#8221; single_animation_delay=&#8221;200&#8243;][\/vc_column][\/vc_row][vc_row unlock_row_content=&#8221;yes&#8221; row_height_percent=&#8221;100&#8243; override_padding=&#8221;yes&#8221; h_padding=&#8221;0&#8243; top_padding=&#8221;2&#8243; bottom_padding=&#8221;2&#8243; back_color=&#8221;color-wayh&#8221; back_image=&#8221;57257&#8243; back_position=&#8221;center bottom&#8221; overlay_color=&#8221;color-rgdb&#8221; overlay_alpha=&#8221;65&#8243; gutter_size=&#8221;3&#8243; shift_y=&#8221;0&#8243; parallax=&#8221;yes&#8221; row_height_pixel=&#8221;280&#8243; row_name=&#8221;Eventos&#8221;][vc_column column_width_percent=&#8221;100&#8243; position_vertical=&#8221;middle&#8221; align_horizontal=&#8221;align_center&#8221; gutter_size=&#8221;2&#8243; style=&#8221;dark&#8221; overlay_alpha=&#8221;4&#8243; shift_x=&#8221;0&#8243; shift_y=&#8221;0&#8243; z_index=&#8221;0&#8243; medium_width=&#8221;0&#8243; width=&#8221;1\/1&#8243;][vc_row_inner row_inner_height_percent=&#8221;100&#8243; overlay_alpha=&#8221;50&#8243; gutter_size=&#8221;3&#8243; shift_y=&#8221;0&#8243;][vc_column_inner column_width_percent=&#8221;100&#8243; position_vertical=&#8221;middle&#8221; align_horizontal=&#8221;align_center&#8221; gutter_size=&#8221;3&#8243; override_padding=&#8221;yes&#8221; column_padding=&#8221;4&#8243; expand_height=&#8221;yes&#8221; style=&#8221;dark&#8221; overlay_alpha=&#8221;50&#8243; shift_x=&#8221;0&#8243; shift_y=&#8221;0&#8243; z_index=&#8221;0&#8243; medium_width=&#8221;0&#8243; mobile_width=&#8221;0&#8243; width=&#8221;1\/1&#8243; css=&#8221;.vc_custom_1501340591252{padding-top: 13% !important;}&#8221;][vc_custom_heading text_color=&#8221;color-xsdn&#8221; heading_semantic=&#8221;h1&#8243; text_font=&#8221;font-164793&#8243; text_size=&#8221;h1&#8243; text_weight=&#8221;400&#8243; css_animation=&#8221;alpha-anim&#8221; animation_delay=&#8221;200&#8243; el_class=&#8221;TIT&#8221;]Organize o seu evento num ambiente \u00fanico e m\u00e1gico.[\/vc_custom_heading]<a href=\"http:\/\/campanopolis.com.ar\/pt-br\/eventos-sociales-y-corporativos\/\" title=\"\"  data-id=\"mpc_button-1069e15f00bf52f\" class=\"mpc-button mpc-init mpc-transition mpc-animation \"  data-animation-in=\"transition.fadeIn||300||500||100\"><div class=\"mpc-button__content mpc-effect-type--stay mpc-effect-side--left\"><i class=\"mpc-button__icon mpc-transition  fa fa-fort-awesome\"><\/i><span class=\"mpc-button__title mpc-transition\">EVENTOS SOCIAIS E CORPORATIVOS<\/span><\/div><div class=\"mpc-button__background mpc-transition mpc-effect-type--slide mpc-effect-side--top\"><\/div><\/a>[\/vc_column_inner][\/vc_row_inner][\/vc_column][\/vc_row]<\/p>\n<\/div>","protected":false},"excerpt":{"rendered":"<p>[vc_row row_height_percent=&#8221;0&#8243; override_padding=&#8221;yes&#8221; h_padding=&#8221;1&#8243; top_padding=&#8221;3&#8243; bottom_padding=&#8221;3&#8243; back_color=&#8221;color-prif&#8221; overlay_alpha=&#8221;85&#8243; gutter_size=&#8221;0&#8243; shift_y=&#8221;0&#8243;][vc_column column_width_percent=&#8221;100&#8243; position_vertical=&#8221;middle&#8221; align_horizontal=&#8221;align_center&#8221; gutter_size=&#8221;3&#8243; override_padding=&#8221;yes&#8221; column_padding=&#8221;2&#8243; overlay_alpha=&#8221;50&#8243; shift_x=&#8221;0&#8243; shift_y=&#8221;0&#8243; z_index=&#8221;0&#8243;<\/p>\n","protected":false},"author":2,"featured_media":0,"parent":0,"menu_order":0,"comment_status":"closed","ping_status":"closed","template":"","meta":{"footnotes":""},"class_list":["post-467606","page","type-page","status-publish","hentry"],"_links":{"self":[{"href":"https:\/\/campanopolis.com.ar\/pt-br\/wp-json\/wp\/v2\/pages\/467606","targetHints":{"allow":["GET"]}}],"collection":[{"href":"https:\/\/campanopolis.com.ar\/pt-br\/wp-json\/wp\/v2\/pages"}],"about":[{"href":"https:\/\/campanopolis.com.ar\/pt-br\/wp-json\/wp\/v2\/types\/page"}],"author":[{"embeddable":true,"href":"https:\/\/campanopolis.com.ar\/pt-br\/wp-json\/wp\/v2\/users\/2"}],"replies":[{"embeddable":true,"href":"https:\/\/campanopolis.com.ar\/pt-br\/wp-json\/wp\/v2\/comments?post=467606"}],"version-history":[{"count":4,"href":"https:\/\/campanopolis.com.ar\/pt-br\/wp-json\/wp\/v2\/pages\/467606\/revisions"}],"predecessor-version":[{"id":467610,"href":"https:\/\/campanopolis.com.ar\/pt-br\/wp-json\/wp\/v2\/pages\/467606\/revisions\/467610"}],"wp:attachment":[{"href":"https:\/\/campanopolis.com.ar\/pt-br\/wp-json\/wp\/v2\/media?parent=467606"}],"curies":[{"name":"wp","href":"https:\/\/api.w.org\/{rel}","templated":true}]}}